{"id":2243,"date":"2022-11-07T15:46:03","date_gmt":"2022-11-07T18:46:03","guid":{"rendered":"https:\/\/tandemsd.com\/career\/"},"modified":"2026-04-22T11:22:45","modified_gmt":"2026-04-22T14:22:45","slug":"carreras","status":"publish","type":"page","link":"https:\/\/tandemsd.com\/es\/carreras\/","title":{"rendered":"Carreras"},"content":{"rendered":"\n<div class=\"wp-block-columns alignfull are-vertically-aligned-center is-not-stacked-on-mobile is-layout-flex wp-container-core-columns-is-layout-28f84493 wp-block-columns-is-layout-flex\" id=\"box-title\">\n<div class=\"wp-block-column is-vertically-aligned-center col-blue is-layout-flow wp-block-column-is-layout-flow\" style=\"flex-basis:60%\">\n<h3 class=\"wp-block-heading h3-orange\">Impulsando<\/h3>\n\n\n\n<h2 class=\"wp-block-heading h2-blue\">Carreras<\/h2>\n\n\n\n<p class=\"p-box has-ast-global-color-1-color has-text-color uag-hide-tab uag-hide-mob\">Somos un equipo de profesionales que buscamos aprender constantemente, desarrollarnos y retarnos.<\/p>\n<\/div>\n\n\n\n<div class=\"wp-block-column is-vertically-aligned-center bg-careers is-layout-flow wp-block-column-is-layout-flow\" style=\"flex-basis:40%\">\n<div style=\"height:360px\" aria-hidden=\"true\" class=\"wp-block-spacer anchor-box\"><\/div>\n<\/div>\n<\/div>\n\n\n\n<div class=\"wp-block-columns is-layout-flex wp-container-core-columns-is-layout-28f84493 wp-block-columns-is-layout-flex\" id=\"box-3-boxes\">\n<div class=\"wp-block-column is-layout-flow wp-block-column-is-layout-flow\">\n<h3 class=\"wp-block-heading uag-hide-desktop\">Somos un equipo de profesionales que buscamos aprender constantemente, desarrollarnos y retarnos.<\/h3>\n<\/div>\n<\/div>\n\n\n\n<div class=\"wp-block-columns is-layout-flex wp-container-core-columns-is-layout-28f84493 wp-block-columns-is-layout-flex\" id=\"box-3-boxes\">\n<div class=\"wp-block-column is-layout-flow wp-block-column-is-layout-flow\">\n<div class=\"wp-block-columns is-layout-flex wp-container-core-columns-is-layout-28f84493 wp-block-columns-is-layout-flex\">\n<div class=\"wp-block-column is-layout-flow wp-block-column-is-layout-flow\" style=\"padding-right:var(--wp--preset--spacing--20);padding-left:var(--wp--preset--spacing--20)\">\n<p class=\"text-number\">1<\/p>\n\n\n\n<p class=\"bajada-box\">\u00bfTe gustar\u00eda tener un <strong>verdadero impacto<\/strong> en las organizaciones m\u00e1s importantes del planeta?<\/p>\n<\/div>\n\n\n\n<div class=\"wp-block-column is-layout-flow wp-block-column-is-layout-flow\" style=\"padding-right:var(--wp--preset--spacing--20);padding-left:var(--wp--preset--spacing--20)\">\n<p class=\"text-number\">2<\/p>\n\n\n\n<p class=\"bajada-box\">\u00bfTe gustar\u00eda ayudar a las empresas a tomar m\u00e1s y mejores decisiones para <strong>potenciar sus resultados de negocio<\/strong>?<\/p>\n<\/div>\n\n\n\n<div class=\"wp-block-column is-layout-flow wp-block-column-is-layout-flow\" style=\"padding-right:var(--wp--preset--spacing--20);padding-left:var(--wp--preset--spacing--20)\">\n<p class=\"text-number\">3<\/p>\n\n\n\n<p class=\"bajada-box\">\u00bfTe <strong>apasiona analizar problemas<\/strong>, generar soluciones y verlas reflejadas en la pr\u00e1ctica?<\/p>\n<\/div>\n<\/div>\n<\/div>\n<\/div>\n\n\n\n<div class=\"wp-block-columns is-layout-flex wp-container-core-columns-is-layout-28f84493 wp-block-columns-is-layout-flex\" id=\"popup-box\">\n<div class=\"wp-block-column is-layout-flow wp-block-column-is-layout-flow\">\n<div class=\"wp-block-uagb-buttons uagb-buttons__outer-wrap uagb-btn__default-btn uagb-btn-tablet__default-btn uagb-btn-mobile__default-btn uagb-block-93e9fe50\"><div class=\"uagb-buttons__wrap uagb-buttons-layout-wrap \">\n<div class=\"wp-block-uagb-buttons-child uagb-buttons__outer-wrap uagb-block-4861487e wp-block-button is-style-outline\"><div class=\"uagb-button__wrapper\"><a class=\"uagb-buttons-repeater wp-block-button__link\" aria-label=\"\" href=\"https:\/\/tandemsd.zohorecruit.com\/jobs\/Careers\" rel=\"follow noopener\" target=\"_blank\" role=\"button\"><div class=\"uagb-button__link\">Conoce nuestras posiciones abiertas<\/div><span class=\"uagb-button__icon uagb-button__icon-position-after\"><svg xmlns=\"https:\/\/www.w3.org\/2000\/svg\" viewBox=\"0 0 448 512\" aria-hidden=\"true\" focussable=\"false\"><path d=\"M438.6 278.6l-160 160C272.4 444.9 264.2 448 256 448s-16.38-3.125-22.62-9.375c-12.5-12.5-12.5-32.75 0-45.25L338.8 288H32C14.33 288 .0016 273.7 .0016 256S14.33 224 32 224h306.8l-105.4-105.4c-12.5-12.5-12.5-32.75 0-45.25s32.75-12.5 45.25 0l160 160C451.1 245.9 451.1 266.1 438.6 278.6z\"><\/path><\/svg><\/span><\/a><\/div><\/div>\n<\/div><\/div>\n<\/div>\n<\/div>\n\n\n\n<div class=\"wp-block-columns is-layout-flex wp-container-core-columns-is-layout-28f84493 wp-block-columns-is-layout-flex\" id=\"box-article\">\n<div class=\"wp-block-column is-layout-flow wp-block-column-is-layout-flow\">\n<h3 class=\"wp-block-heading h3-out-clientes\">Testimonios<\/h3>\n\n\n\n<div class=\"wp-block-uagb-testimonial uagb-slick-carousel uagb-tm__arrow-outside uagb-block-4683480b\" id=\"box-testimonios\"><div class=\"is-carousel uagb-tm__columns-1 uagb-tm__items\"><div class=\"uagb-testimonial__wrap  uagb-tm__imgicon-style-circle uagb-tm__image-position-bottom uagb-tm__bg-type-none \"><div class=\"uagb-tm__content\"><div class=\"uagb-tm__overlay\"><\/div><div class=\"uagb-tm__text-wrap\"><div class=\"uagb-tm__desc\">En Tandem tengo la posibilidad de conocer diferentes culturas y creencias tanto dentro del equipo como con nuestros clientes alrededor del mundo\u00bb.<\/div><div class=\"uagb-tm__meta-inner\"><div class=\"uagb-tm__image-content\"><div class=\"uagb-tm__image\"><img decoding=\"async\" class=\"uagb-tm-img-src lazyload\" data-src=\"https:\/\/tandemsd.com\/wp-content\/uploads\/anne-cortina-zapfe-testimonio.jpg\" alt=\"\" width=\"60\" height=\"60\" loading=\"lazy\" src=\"data:image\/gif;base64,R0lGODlhAQABAAAAACH5BAEKAAEALAAAAAABAAEAAAICTAEAOw==\" style=\"--smush-placeholder-width: 60px; --smush-placeholder-aspect-ratio: 60\/60;\" \/><noscript><img decoding=\"async\" class=\"uagb-tm-img-src\" src=\"https:\/\/tandemsd.com\/wp-content\/uploads\/anne-cortina-zapfe-testimonio.jpg\" alt=\"\" width=\"60\" height=\"60\" loading=\"lazy\"\/><\/noscript><\/div><\/div><div class=\"uagb-testimonial-details\"><span class=\"uagb-tm__author-name\">Anne Cortina Zapfe<\/span><span class=\"uagb-tm__company\">Gerente de Consultor\u00eda<\/span><\/div><\/div><\/div><\/div><\/div><div class=\"uagb-testimonial__wrap  uagb-tm__imgicon-style-circle uagb-tm__image-position-bottom uagb-tm__bg-type-none \"><div class=\"uagb-tm__content\"><div class=\"uagb-tm__overlay\"><\/div><div class=\"uagb-tm__text-wrap\"><div class=\"uagb-tm__desc\">El trabajo en equipo y la co-construcci\u00f3n de ideas son fundamentales para m\u00ed, y en Tandem vivo c\u00f3mo estos valores se ponen en pr\u00e1ctica d\u00eda a d\u00eda\u00bb.<\/div><div class=\"uagb-tm__meta-inner\"><div class=\"uagb-tm__image-content\"><div class=\"uagb-tm__image\"><img decoding=\"async\" class=\"uagb-tm-img-src lazyload\" data-src=\"https:\/\/tandemsd.com\/wp-content\/uploads\/carol-cotton-testimonio.jpg\" alt=\"\" width=\"60\" height=\"60\" loading=\"lazy\" src=\"data:image\/gif;base64,R0lGODlhAQABAAAAACH5BAEKAAEALAAAAAABAAEAAAICTAEAOw==\" style=\"--smush-placeholder-width: 60px; --smush-placeholder-aspect-ratio: 60\/60;\" \/><noscript><img decoding=\"async\" class=\"uagb-tm-img-src\" src=\"https:\/\/tandemsd.com\/wp-content\/uploads\/carol-cotton-testimonio.jpg\" alt=\"\" width=\"60\" height=\"60\" loading=\"lazy\"\/><\/noscript><\/div><\/div><div class=\"uagb-testimonial-details\"><span class=\"uagb-tm__author-name\">Carol Cotton<\/span><span class=\"uagb-tm__company\">Gerente de Consultor\u00eda<\/span><\/div><\/div><\/div><\/div><\/div><div class=\"uagb-testimonial__wrap  uagb-tm__imgicon-style-circle uagb-tm__image-position-bottom uagb-tm__bg-type-none \"><div class=\"uagb-tm__content\"><div class=\"uagb-tm__overlay\"><\/div><div class=\"uagb-tm__text-wrap\"><div class=\"uagb-tm__desc\">En Tandem crecemos a pasos agigantados, intentando arriesgarnos cada vez m\u00e1s y aprendiendo de los aciertos y errores\u00bb.<\/div><div class=\"uagb-tm__meta-inner\"><div class=\"uagb-tm__image-content\"><div class=\"uagb-tm__image\"><img decoding=\"async\" class=\"uagb-tm-img-src lazyload\" data-src=\"https:\/\/tandemsd.com\/wp-content\/uploads\/maria-vila-melo-testimonio.jpg\" alt=\"\" width=\"60\" height=\"60\" loading=\"lazy\" src=\"data:image\/gif;base64,R0lGODlhAQABAAAAACH5BAEKAAEALAAAAAABAAEAAAICTAEAOw==\" style=\"--smush-placeholder-width: 60px; --smush-placeholder-aspect-ratio: 60\/60;\" \/><noscript><img decoding=\"async\" class=\"uagb-tm-img-src\" src=\"https:\/\/tandemsd.com\/wp-content\/uploads\/maria-vila-melo-testimonio.jpg\" alt=\"\" width=\"60\" height=\"60\" loading=\"lazy\"\/><\/noscript><\/div><\/div><div class=\"uagb-testimonial-details\"><span class=\"uagb-tm__author-name\">Mar\u00eda Vila Melo<\/span><span class=\"uagb-tm__company\">Directora de Consultor\u00eda<\/span><\/div><\/div><\/div><\/div><\/div><\/div><\/div>\n<\/div>\n<\/div>\n\n\n\n<div class=\"wp-block-columns is-layout-flex wp-container-core-columns-is-layout-28f84493 wp-block-columns-is-layout-flex\" id=\"box-article\">\n<div class=\"wp-block-column is-layout-flow wp-block-column-is-layout-flow\">\n<h3 class=\"wp-block-heading h3-out-clientes\">Nuestros valores<\/h3>\n\n\n\n<div class=\"wp-block-columns is-layout-flex wp-container-core-columns-is-layout-28f84493 wp-block-columns-is-layout-flex\" id=\"box-our-values\">\n<div class=\"wp-block-column is-layout-flow wp-block-column-is-layout-flow\">\n<div class=\"wp-block-columns is-layout-flex wp-container-core-columns-is-layout-28f84493 wp-block-columns-is-layout-flex\">\n<div class=\"wp-block-column is-layout-flow wp-block-column-is-layout-flow\">\n<div class=\"flip-box\">\n  <div class=\"flip-box-inner\">\n    <div class=\"flip-box-front\">\n      <img decoding=\"async\" data-src=\"https:\/\/tandemsd.com\/wp-content\/uploads\/2022\/11\/icon-01.png\" src=\"data:image\/gif;base64,R0lGODlhAQABAAAAACH5BAEKAAEALAAAAAABAAEAAAICTAEAOw==\" class=\"lazyload\" style=\"--smush-placeholder-width: 52px; --smush-placeholder-aspect-ratio: 52\/68;\"><noscript><img decoding=\"async\" src=\"https:\/\/tandemsd.com\/wp-content\/uploads\/2022\/11\/icon-01.png\"><\/noscript><h2>Calidad<\/h2>\n    <\/div>\n    <div class=\"flip-box-back\">\n   <p>Creemos en la b\u00fasqueda continua de excelencia para impulsar resultados de alto impacto.<\/p>\n    <\/div>\n  <\/div>\n<\/div>\n<div class=\"flip-box\">\n  <div class=\"flip-box-inner\">\n    <div class=\"flip-box-front flip-box-front-blue\">\n      <img decoding=\"async\" data-src=\"https:\/\/tandemsd.com\/wp-content\/uploads\/2022\/11\/icon-02.png\" src=\"data:image\/gif;base64,R0lGODlhAQABAAAAACH5BAEKAAEALAAAAAABAAEAAAICTAEAOw==\" class=\"lazyload\" style=\"--smush-placeholder-width: 66px; --smush-placeholder-aspect-ratio: 66\/66;\"><noscript><img decoding=\"async\" src=\"https:\/\/tandemsd.com\/wp-content\/uploads\/2022\/11\/icon-02.png\"><\/noscript><h2>Colaboraci\u00f3n<\/h2>\n    <\/div>\n    <div class=\"flip-box-back flip-box-back-blue\">\n   <p>Creemos que el trabajo en equipo potencia interacciones de valor y mejores resultados.<\/p>\n    <\/div>\n  <\/div>\n<\/div>\n<div class=\"flip-box\">\n  <div class=\"flip-box-inner\">\n    <div class=\"flip-box-front flip-box-front-blue-2\">\n      <img decoding=\"async\" data-src=\"https:\/\/tandemsd.com\/wp-content\/uploads\/2022\/11\/icon-03.png\" src=\"data:image\/gif;base64,R0lGODlhAQABAAAAACH5BAEKAAEALAAAAAABAAEAAAICTAEAOw==\" class=\"lazyload\" style=\"--smush-placeholder-width: 68px; --smush-placeholder-aspect-ratio: 68\/68;\"><noscript><img decoding=\"async\" src=\"https:\/\/tandemsd.com\/wp-content\/uploads\/2022\/11\/icon-03.png\"><\/noscript><h2>Flexibilidad<\/h2>\n    <\/div>\n    <div class=\"flip-box-back flip-box-back-blue-2\">\n   <p>Creemos en el impacto potencial que surge de la acci\u00f3n inteligente, el enfoque y la armon\u00eda vida-trabajo.<\/p>\n    <\/div>\n  <\/div>\n<\/div>\n<div class=\"flip-box\">\n  <div class=\"flip-box-inner\">\n    <div class=\"flip-box-front\">\n      <img decoding=\"async\" data-src=\"https:\/\/tandemsd.com\/wp-content\/uploads\/2022\/11\/icon-04.png\" src=\"data:image\/gif;base64,R0lGODlhAQABAAAAACH5BAEKAAEALAAAAAABAAEAAAICTAEAOw==\" class=\"lazyload\" style=\"--smush-placeholder-width: 79px; --smush-placeholder-aspect-ratio: 79\/75;\"><noscript><img decoding=\"async\" src=\"https:\/\/tandemsd.com\/wp-content\/uploads\/2022\/11\/icon-04.png\"><\/noscript><h2>Curiosidad<\/h2>\n    <\/div>\n    <div class=\"flip-box-back\">\n   <p>Creemos en la experimentaci\u00f3n, el aprendizaje y la diversidad de opini\u00f3n para desarrollar nuevo conocimiento.<\/p>\n    <\/div>\n  <\/div>\n<\/div>\n<div class=\"flip-box\">\n  <div class=\"flip-box-inner\">\n    <div class=\"flip-box-front flip-box-front-blue\">\n      <img decoding=\"async\" data-src=\"https:\/\/tandemsd.com\/wp-content\/uploads\/2022\/11\/icon-05.png\" src=\"data:image\/gif;base64,R0lGODlhAQABAAAAACH5BAEKAAEALAAAAAABAAEAAAICTAEAOw==\" class=\"lazyload\" style=\"--smush-placeholder-width: 71px; --smush-placeholder-aspect-ratio: 71\/65;\"><noscript><img decoding=\"async\" src=\"https:\/\/tandemsd.com\/wp-content\/uploads\/2022\/11\/icon-05.png\"><\/noscript><h2>Pasi\u00f3n<\/h2>\n    <\/div>\n    <div class=\"flip-box-back flip-box-back-blue\">\n   <p>Creemos en nuestro poder de dar forma al futuro a trav\u00e9s de lo que hacemos.<\/p>\n    <\/div>\n  <\/div>\n<\/div>\n<\/div>\n<\/div>\n<\/div>\n<\/div>\n<\/div>\n<\/div>\n","protected":false},"excerpt":{"rendered":"<p>Impulsando Carreras Somos un equipo de profesionales que buscamos aprender constantemente, desarrollarnos y retarnos. Somos un equipo de profesionales que buscamos aprender constantemente, desarrollarnos y retarnos. 1 \u00bfTe gustar\u00eda tener un verdadero impacto en las organizaciones m\u00e1s importantes del planeta? 2 \u00bfTe gustar\u00eda ayudar a las empresas a tomar m\u00e1s y mejores decisiones para potenciar [&hellip;]<\/p>\n","protected":false},"author":1,"featured_media":0,"parent":0,"menu_order":0,"comment_status":"closed","ping_status":"closed","template":"","meta":{"_uag_custom_page_level_css":"","advgb_blocks_editor_width":"","advgb_blocks_columns_visual_guide":"","site-sidebar-layout":"default","site-content-layout":"","ast-site-content-layout":"default","site-content-style":"default","site-sidebar-style":"default","ast-global-header-display":"","ast-banner-title-visibility":"","ast-main-header-display":"","ast-hfb-above-header-display":"","ast-hfb-below-header-display":"","ast-hfb-mobile-header-display":"","site-post-title":"disabled","ast-breadcrumbs-content":"","ast-featured-img":"","footer-sml-layout":"","theme-transparent-header-meta":"","adv-header-id-meta":"","stick-header-meta":"","header-above-stick-meta":"","header-main-stick-meta":"","header-below-stick-meta":"","astra-migrate-meta-layouts":"set","ast-page-background-enabled":"default","ast-page-background-meta":{"desktop":{"background-color":"var(--ast-global-color-4)","background-image":"","background-repeat":"repeat","background-position":"center center","background-size":"auto","background-attachment":"scroll","background-type":"","background-media":"","overlay-type":"","overlay-color":"","overlay-opacity":"","overlay-gradient":""},"tablet":{"background-color":"","background-image":"","background-repeat":"repeat","background-position":"center center","background-size":"auto","background-attachment":"scroll","background-type":"","background-media":"","overlay-type":"","overlay-color":"","overlay-opacity":"","overlay-gradient":""},"mobile":{"background-color":"","background-image":"","background-repeat":"repeat","background-position":"center center","background-size":"auto","background-attachment":"scroll","background-type":"","background-media":"","overlay-type":"","overlay-color":"","overlay-opacity":"","overlay-gradient":""}},"ast-content-background-meta":{"desktop":{"background-color":"var(--ast-global-color-5)","background-image":"","background-repeat":"repeat","background-position":"center center","background-size":"auto","background-attachment":"scroll","background-type":"","background-media":"","overlay-type":"","overlay-color":"","overlay-opacity":"","overlay-gradient":""},"tablet":{"background-color":"var(--ast-global-color-5)","background-image":"","background-repeat":"repeat","background-position":"center center","background-size":"auto","background-attachment":"scroll","background-type":"","background-media":"","overlay-type":"","overlay-color":"","overlay-opacity":"","overlay-gradient":""},"mobile":{"background-color":"var(--ast-global-color-5)","background-image":"","background-repeat":"repeat","background-position":"center center","background-size":"auto","background-attachment":"scroll","background-type":"","background-media":"","overlay-type":"","overlay-color":"","overlay-opacity":"","overlay-gradient":""}},"footnotes":""},"class_list":["post-2243","page","type-page","status-publish","hentry"],"yoast_head":"<!-- This site is optimized with the Yoast SEO plugin v24.3 - https:\/\/yoast.com\/wordpress\/plugins\/seo\/ -->\n<title>Carreras - Tandem Boosting Decisions<\/title>\n<meta name=\"description\" content=\"Somos un equipo de profesionales que buscamos aprender constantemente, desarrollarnos y retarnos. \u00a1S\u00famate al equipo de Tandem!\" \/>\n<meta name=\"robots\" content=\"index, follow, max-snippet:-1, max-image-preview:large, max-video-preview:-1\" \/>\n<link rel=\"canonical\" href=\"https:\/\/tandemsd.com\/es\/carreras\/\" \/>\n<meta property=\"og:locale\" content=\"es_ES\" \/>\n<meta property=\"og:type\" content=\"article\" \/>\n<meta property=\"og:title\" content=\"Carreras - Tandem Boosting Decisions\" \/>\n<meta property=\"og:description\" content=\"Somos un equipo de profesionales que buscamos aprender constantemente, desarrollarnos y retarnos. \u00a1S\u00famate al equipo de Tandem!\" \/>\n<meta property=\"og:url\" content=\"https:\/\/tandemsd.com\/es\/carreras\/\" \/>\n<meta property=\"og:site_name\" content=\"Tandem Boosting Decisions\" \/>\n<meta property=\"article:modified_time\" content=\"2026-04-22T14:22:45+00:00\" \/>\n<meta property=\"og:image\" content=\"https:\/\/tandemsd.com\/wp-content\/uploads\/anne-cortina-zapfe-testimonio.jpg\" \/>\n<meta name=\"twitter:card\" content=\"summary_large_image\" \/>\n<meta name=\"twitter:site\" content=\"@TandemSD\" \/>\n<meta name=\"twitter:label1\" content=\"Tiempo de lectura\" \/>\n\t<meta name=\"twitter:data1\" content=\"3 minutos\" \/>\n<script type=\"application\/ld+json\" class=\"yoast-schema-graph\">{\"@context\":\"https:\/\/schema.org\",\"@graph\":[{\"@type\":\"WebPage\",\"@id\":\"https:\/\/tandemsd.com\/es\/carreras\/\",\"url\":\"https:\/\/tandemsd.com\/es\/carreras\/\",\"name\":\"Carreras - Tandem Boosting Decisions\",\"isPartOf\":{\"@id\":\"https:\/\/tandemsd.com\/es\/#website\"},\"primaryImageOfPage\":{\"@id\":\"https:\/\/tandemsd.com\/es\/carreras\/#primaryimage\"},\"image\":{\"@id\":\"https:\/\/tandemsd.com\/es\/carreras\/#primaryimage\"},\"thumbnailUrl\":\"https:\/\/tandemsd.com\/wp-content\/uploads\/anne-cortina-zapfe-testimonio.jpg\",\"datePublished\":\"2022-11-07T18:46:03+00:00\",\"dateModified\":\"2026-04-22T14:22:45+00:00\",\"description\":\"Somos un equipo de profesionales que buscamos aprender constantemente, desarrollarnos y retarnos. \u00a1S\u00famate al equipo de Tandem!\",\"breadcrumb\":{\"@id\":\"https:\/\/tandemsd.com\/es\/carreras\/#breadcrumb\"},\"inLanguage\":\"es\",\"potentialAction\":[{\"@type\":\"ReadAction\",\"target\":[\"https:\/\/tandemsd.com\/es\/carreras\/\"]}]},{\"@type\":\"ImageObject\",\"inLanguage\":\"es\",\"@id\":\"https:\/\/tandemsd.com\/es\/carreras\/#primaryimage\",\"url\":\"https:\/\/tandemsd.com\/wp-content\/uploads\/anne-cortina-zapfe-testimonio.jpg\",\"contentUrl\":\"https:\/\/tandemsd.com\/wp-content\/uploads\/anne-cortina-zapfe-testimonio.jpg\"},{\"@type\":\"BreadcrumbList\",\"@id\":\"https:\/\/tandemsd.com\/es\/carreras\/#breadcrumb\",\"itemListElement\":[{\"@type\":\"ListItem\",\"position\":1,\"name\":\"Inicio\",\"item\":\"https:\/\/tandemsd.com\/es\/\"},{\"@type\":\"ListItem\",\"position\":2,\"name\":\"Carreras\"}]},{\"@type\":\"WebSite\",\"@id\":\"https:\/\/tandemsd.com\/es\/#website\",\"url\":\"https:\/\/tandemsd.com\/es\/\",\"name\":\"Tandem Boosting Decisions\",\"description\":\"Impacting on results\",\"publisher\":{\"@id\":\"https:\/\/tandemsd.com\/es\/#organization\"},\"potentialAction\":[{\"@type\":\"SearchAction\",\"target\":{\"@type\":\"EntryPoint\",\"urlTemplate\":\"https:\/\/tandemsd.com\/es\/?s={search_term_string}\"},\"query-input\":{\"@type\":\"PropertyValueSpecification\",\"valueRequired\":true,\"valueName\":\"search_term_string\"}}],\"inLanguage\":\"es\"},{\"@type\":\"Organization\",\"@id\":\"https:\/\/tandemsd.com\/es\/#organization\",\"name\":\"Tandem\",\"url\":\"https:\/\/tandemsd.com\/es\/\",\"logo\":{\"@type\":\"ImageObject\",\"inLanguage\":\"es\",\"@id\":\"https:\/\/tandemsd.com\/es\/#\/schema\/logo\/image\/\",\"url\":\"https:\/\/tandemsd.com\/wp-content\/uploads\/tandem.png\",\"contentUrl\":\"https:\/\/tandemsd.com\/wp-content\/uploads\/tandem.png\",\"width\":1190,\"height\":294,\"caption\":\"Tandem\"},\"image\":{\"@id\":\"https:\/\/tandemsd.com\/es\/#\/schema\/logo\/image\/\"},\"sameAs\":[\"https:\/\/x.com\/TandemSD\",\"https:\/\/www.linkedin.com\/company\/tandemsd\/\"]}]}<\/script>\n<!-- \/ Yoast SEO plugin. -->","yoast_head_json":{"title":"Carreras - Tandem Boosting Decisions","description":"Somos un equipo de profesionales que buscamos aprender constantemente, desarrollarnos y retarnos. \u00a1S\u00famate al equipo de Tandem!","robots":{"index":"index","follow":"follow","max-snippet":"max-snippet:-1","max-image-preview":"max-image-preview:large","max-video-preview":"max-video-preview:-1"},"canonical":"https:\/\/tandemsd.com\/es\/carreras\/","og_locale":"es_ES","og_type":"article","og_title":"Carreras - Tandem Boosting Decisions","og_description":"Somos un equipo de profesionales que buscamos aprender constantemente, desarrollarnos y retarnos. \u00a1S\u00famate al equipo de Tandem!","og_url":"https:\/\/tandemsd.com\/es\/carreras\/","og_site_name":"Tandem Boosting Decisions","article_modified_time":"2026-04-22T14:22:45+00:00","og_image":[{"url":"https:\/\/tandemsd.com\/wp-content\/uploads\/anne-cortina-zapfe-testimonio.jpg","type":"","width":"","height":""}],"twitter_card":"summary_large_image","twitter_site":"@TandemSD","twitter_misc":{"Tiempo de lectura":"3 minutos"},"schema":{"@context":"https:\/\/schema.org","@graph":[{"@type":"WebPage","@id":"https:\/\/tandemsd.com\/es\/carreras\/","url":"https:\/\/tandemsd.com\/es\/carreras\/","name":"Carreras - Tandem Boosting Decisions","isPartOf":{"@id":"https:\/\/tandemsd.com\/es\/#website"},"primaryImageOfPage":{"@id":"https:\/\/tandemsd.com\/es\/carreras\/#primaryimage"},"image":{"@id":"https:\/\/tandemsd.com\/es\/carreras\/#primaryimage"},"thumbnailUrl":"https:\/\/tandemsd.com\/wp-content\/uploads\/anne-cortina-zapfe-testimonio.jpg","datePublished":"2022-11-07T18:46:03+00:00","dateModified":"2026-04-22T14:22:45+00:00","description":"Somos un equipo de profesionales que buscamos aprender constantemente, desarrollarnos y retarnos. \u00a1S\u00famate al equipo de Tandem!","breadcrumb":{"@id":"https:\/\/tandemsd.com\/es\/carreras\/#breadcrumb"},"inLanguage":"es","potentialAction":[{"@type":"ReadAction","target":["https:\/\/tandemsd.com\/es\/carreras\/"]}]},{"@type":"ImageObject","inLanguage":"es","@id":"https:\/\/tandemsd.com\/es\/carreras\/#primaryimage","url":"https:\/\/tandemsd.com\/wp-content\/uploads\/anne-cortina-zapfe-testimonio.jpg","contentUrl":"https:\/\/tandemsd.com\/wp-content\/uploads\/anne-cortina-zapfe-testimonio.jpg"},{"@type":"BreadcrumbList","@id":"https:\/\/tandemsd.com\/es\/carreras\/#breadcrumb","itemListElement":[{"@type":"ListItem","position":1,"name":"Inicio","item":"https:\/\/tandemsd.com\/es\/"},{"@type":"ListItem","position":2,"name":"Carreras"}]},{"@type":"WebSite","@id":"https:\/\/tandemsd.com\/es\/#website","url":"https:\/\/tandemsd.com\/es\/","name":"Tandem Boosting Decisions","description":"Impacting on results","publisher":{"@id":"https:\/\/tandemsd.com\/es\/#organization"},"potentialAction":[{"@type":"SearchAction","target":{"@type":"EntryPoint","urlTemplate":"https:\/\/tandemsd.com\/es\/?s={search_term_string}"},"query-input":{"@type":"PropertyValueSpecification","valueRequired":true,"valueName":"search_term_string"}}],"inLanguage":"es"},{"@type":"Organization","@id":"https:\/\/tandemsd.com\/es\/#organization","name":"Tandem","url":"https:\/\/tandemsd.com\/es\/","logo":{"@type":"ImageObject","inLanguage":"es","@id":"https:\/\/tandemsd.com\/es\/#\/schema\/logo\/image\/","url":"https:\/\/tandemsd.com\/wp-content\/uploads\/tandem.png","contentUrl":"https:\/\/tandemsd.com\/wp-content\/uploads\/tandem.png","width":1190,"height":294,"caption":"Tandem"},"image":{"@id":"https:\/\/tandemsd.com\/es\/#\/schema\/logo\/image\/"},"sameAs":["https:\/\/x.com\/TandemSD","https:\/\/www.linkedin.com\/company\/tandemsd\/"]}]}},"uagb_featured_image_src":{"full":false,"thumbnail":false,"medium":false,"medium_large":false,"large":false,"1536x1536":false,"2048x2048":false,"mailpoet_newsletter_max":false},"uagb_author_info":{"display_name":"adminflux","author_link":"https:\/\/tandemsd.com\/es\/author\/adminflux\/"},"uagb_comment_info":0,"uagb_excerpt":"Impulsando Carreras Somos un equipo de profesionales que buscamos aprender constantemente, desarrollarnos y retarnos. Somos un equipo de profesionales que buscamos aprender constantemente, desarrollarnos y retarnos. 1 \u00bfTe gustar\u00eda tener un verdadero impacto en las organizaciones m\u00e1s importantes del planeta? 2 \u00bfTe gustar\u00eda ayudar a las empresas a tomar m\u00e1s y mejores decisiones para potenciar&hellip;","coauthors":[],"author_meta":{"author_link":"https:\/\/tandemsd.com\/es\/author\/adminflux\/","display_name":"adminflux"},"relative_dates":{"created":"Publicado 3 a\u00f1os hace","modified":"Actualizado 4 d\u00edas hace"},"absolute_dates":{"created":"Publicado el 7 noviembre, 2022","modified":"Actualizado el 22 abril, 2026"},"absolute_dates_time":{"created":"Publicado el 7 noviembre, 2022 3:46 pm","modified":"Actualizado el 22 abril, 2026 11:22 am"},"featured_img_caption":"","featured_img":false,"series_order":"","_links":{"self":[{"href":"https:\/\/tandemsd.com\/es\/wp-json\/wp\/v2\/pages\/2243","targetHints":{"allow":["GET"]}}],"collection":[{"href":"https:\/\/tandemsd.com\/es\/wp-json\/wp\/v2\/pages"}],"about":[{"href":"https:\/\/tandemsd.com\/es\/wp-json\/wp\/v2\/types\/page"}],"author":[{"embeddable":true,"href":"https:\/\/tandemsd.com\/es\/wp-json\/wp\/v2\/users\/1"}],"replies":[{"embeddable":true,"href":"https:\/\/tandemsd.com\/es\/wp-json\/wp\/v2\/comments?post=2243"}],"version-history":[{"count":25,"href":"https:\/\/tandemsd.com\/es\/wp-json\/wp\/v2\/pages\/2243\/revisions"}],"predecessor-version":[{"id":7365,"href":"https:\/\/tandemsd.com\/es\/wp-json\/wp\/v2\/pages\/2243\/revisions\/7365"}],"wp:attachment":[{"href":"https:\/\/tandemsd.com\/es\/wp-json\/wp\/v2\/media?parent=2243"}],"curies":[{"name":"wp","href":"https:\/\/api.w.org\/{rel}","templated":true}]}}