{"id":2618,"date":"2022-11-24T15:13:56","date_gmt":"2022-11-24T18:13:56","guid":{"rendered":"https:\/\/tandemsd.com\/solutions\/high-impact-decisions\/"},"modified":"2022-12-06T23:43:40","modified_gmt":"2022-12-07T02:43:40","slug":"decisiones-alto-impacto","status":"publish","type":"page","link":"https:\/\/tandemsd.com\/es\/soluciones\/decisiones-alto-impacto\/","title":{"rendered":"Decisiones de Alto Impacto"},"content":{"rendered":"\n<div class=\"wp-block-columns alignfull are-vertically-aligned-center is-not-stacked-on-mobile is-layout-flex wp-container-core-columns-is-layout-28f84493 wp-block-columns-is-layout-flex\" id=\"box-title\">\n<div class=\"wp-block-column is-vertically-aligned-center col-blue col-solutions-title is-layout-flow wp-block-column-is-layout-flow\" style=\"flex-basis:60%\">\n<h2 class=\"h2-blue h2-blue-03 wp-block-heading\">Decisiones de <br>Alto Impacto<\/h2>\n\n\n\n<p class=\"p-box has-ast-global-color-1-color has-text-color uag-hide-tab uag-hide-mob\" style=\"font-size:19px\">Impulsando decisiones de alto impacto, apalancando resultados.&nbsp;<\/p>\n<\/div>\n\n\n\n<div class=\"wp-block-column is-vertically-aligned-center bg-solutions-hight-impact is-layout-flow wp-block-column-is-layout-flow\" style=\"flex-basis:40%\">\n<div style=\"height:360px\" aria-hidden=\"true\" class=\"wp-block-spacer anchor-box\"><\/div>\n<\/div>\n\n\n\n<div class=\"wp-block-column is-layout-flow wp-block-column-is-layout-flow\"><\/div>\n<\/div>\n\n\n\n<div class=\"wp-block-columns information-box uag-hide-desktop is-layout-flex wp-container-core-columns-is-layout-28f84493 wp-block-columns-is-layout-flex\" id=\"read-more-box-01\">\n<div class=\"wp-block-column bajada-box is-layout-flow wp-block-column-is-layout-flow\">\n<h3 class=\"has-ast-global-color-1-color has-text-color wp-block-heading\">Impulsando decisiones de alto impacto, apalancando resultados.<\/h3>\n<\/div>\n<\/div>\n\n\n\n<div class=\"wp-block-columns information-box is-layout-flex wp-container-core-columns-is-layout-28f84493 wp-block-columns-is-layout-flex\" id=\"read-more-box-01\">\n<div class=\"wp-block-column bajada-box is-layout-flow wp-block-column-is-layout-flow\">\n<h3 class=\"has-ast-global-color-2-color has-text-color wp-block-heading\">Creemos que<strong> <\/strong>las <strong>decisiones definen el presente y dise\u00f1an el futuro<\/strong> de las personas y las organizaciones.<\/h3>\n\n\n\n<h3 class=\"has-ast-global-color-2-color has-text-color wp-block-heading\">Nuestras <strong>metodolog\u00edas<\/strong> disruptivas de evaluaci\u00f3n y gesti\u00f3n de decisiones permiten a nuestros clientes mejorar la forma en que se toman las decisiones importantes.<\/h3>\n\n\n\n<h3 class=\"has-ast-global-color-2-color has-text-color wp-block-heading\">Ayudamos a las organizaciones a entender los distintos objetivos en conflicto, analizar todos los escenarios futuros posibles y generar las mejores alternativas para <strong>maximizar el retorno<\/strong> de la inversi\u00f3n de sus decisiones.<\/h3>\n\n\n\n<h3 class=\"has-ast-global-color-2-color has-text-color wp-block-heading\"><strong>Aprovechamos la incertidumbre<\/strong> y planificamos de forma proactiva para obtener los mejores resultados posibles.<\/h3>\n\n\n\n<h3 class=\"has-ast-global-color-2-color has-text-color wp-block-heading\">Con Decisiones de Alto Impacto, <strong>el tiempo, los recursos y las acciones est\u00e1n alineados para el \u00e9xito.<\/strong><\/h3>\n<\/div>\n<\/div>\n\n\n\n<div class=\"wp-block-columns information-box is-layout-flex wp-container-core-columns-is-layout-28f84493 wp-block-columns-is-layout-flex\" id=\"box-article\">\n<div class=\"wp-block-column is-layout-flow wp-block-column-is-layout-flow\">\n<h3 class=\"separator-title wp-block-heading\" style=\"font-size:24px\">\u00bfQuieres conocer m\u00e1s de nuestra pr\u00e1ctica de Decisiones de Alto Impacto? <br>Te contamos algunas historias de \u00e9xito.<\/h3>\n\n\n\n\t\t\t<div class=\"wp-block-uagb-post-grid uagb-post-grid post-style uagb-post__image-position-top uagb-post__image-enabled uagb-block-52c22d85     uagb-post__items uagb-post__columns-1 is-grid uagb-post__columns-tablet-2 uagb-post__columns-mobile-1 uagb-post__equal-height\" data-total=\"1\" style=\"\">\n\n\t\t\t\t\t\t\t\t\t\t\t\t<article class=\"uagb-post__inner-wrap\">\t\t\t\t\t\t\t\t<div class='uagb-post__image'>\n\t\t\t\t\t\t\t\t\t<a href=\"https:\/\/tandemsd.com\/es\/maximizacion-del-valor-de-un-proyecto-de-desarrollo-no-convencional\/\" target=\"_self\" rel=\"bookmark noopener noreferrer\" class='uagb-image-ratio-inherit'><img loading=\"lazy\" decoding=\"async\" width=\"1024\" height=\"512\" data-src=\"https:\/\/tandemsd.com\/wp-content\/uploads\/Incremento-del-VAN-en-decision-de-exploracion-1024x512.jpg\" class=\"attachment-large size-large lazyload\" alt=\"\" src=\"data:image\/gif;base64,R0lGODlhAQABAAAAACH5BAEKAAEALAAAAAABAAEAAAICTAEAOw==\" style=\"--smush-placeholder-width: 1024px; --smush-placeholder-aspect-ratio: 1024\/512;\" \/><noscript><img loading=\"lazy\" decoding=\"async\" width=\"1024\" height=\"512\" src=\"https:\/\/tandemsd.com\/wp-content\/uploads\/Incremento-del-VAN-en-decision-de-exploracion-1024x512.jpg\" class=\"attachment-large size-large\" alt=\"\" \/><\/noscript>\t\t\t\t\t<\/a>\n\t\t\t\t\t\t\t<\/div>\n\t\t\t\t\t\t<div class='uagb-post__text uagb-post-grid-byline'>\n\t\t\t\t\t\t\t<\/div>\n\t\t\t\t\t\t\t<div class='uagb-post__text uagb-post__excerpt'>\n\t\t\t\t\tEl \u00e1rea de Exploraci\u00f3n y Producci\u00f3n de una empresa l\u00edder de Petr\u00f3leo y Gas nos permiti\u00f3 retar las decisiones asociadas a la estrategia de desarrollo de uno de sus activos con mayor potencial y de mayor rentabilidad en el mediano y largo plazo. De manera conjunta con un equipo multidisciplinario del cliente, y con base en metodolog\u00edas propietarias de Tandem, se logr\u00f3 identificar, evaluar y cuantificar el valor de nuevas alternativas en distintos aspectos del proyecto. \nEl impacto asociado al fortalecimiento de las decisiones clave fue de un incremento de +10% en VAN esperado del proyecto en su conjunto.\t\t\t\t<\/div>\n\t\t\t\t\t\t<div class=\"uagb-post__text uagb-post__cta wp-block-button\">\n\t\t\t\t<a class=\"wp-block-button__link uagb-text-link\" style=\"\" href=\"https:\/\/tandemsd.com\/es\/maximizacion-del-valor-de-un-proyecto-de-desarrollo-no-convencional\/\" target=\"_self\" rel=\"bookmark noopener noreferrer\">Leer m\u00e1s<\/a>\n\t\t\t<\/div>\n\t\t\t\n\t\t\t\t\t\t\t\t\t<\/article>\n\t\t\t\t\t\t\t\t\t\t\t\t\t\t\t\t<article class=\"uagb-post__inner-wrap\">\t\t\t\t\t\t\t\t<div class='uagb-post__image'>\n\t\t\t\t\t\t\t\t\t<a href=\"https:\/\/tandemsd.com\/es\/optimizacion-decision-exploracion-produccion\/\" target=\"_self\" rel=\"bookmark noopener noreferrer\" class='uagb-image-ratio-inherit'><img loading=\"lazy\" decoding=\"async\" width=\"1024\" height=\"512\" data-src=\"https:\/\/tandemsd.com\/wp-content\/uploads\/Optimizacion-de-decision-de-exploracion-y-produccion-1024x512.jpg\" class=\"attachment-large size-large lazyload\" alt=\"\" src=\"data:image\/gif;base64,R0lGODlhAQABAAAAACH5BAEKAAEALAAAAAABAAEAAAICTAEAOw==\" style=\"--smush-placeholder-width: 1024px; --smush-placeholder-aspect-ratio: 1024\/512;\" \/><noscript><img loading=\"lazy\" decoding=\"async\" width=\"1024\" height=\"512\" src=\"https:\/\/tandemsd.com\/wp-content\/uploads\/Optimizacion-de-decision-de-exploracion-y-produccion-1024x512.jpg\" class=\"attachment-large size-large\" alt=\"\" \/><\/noscript>\t\t\t\t\t<\/a>\n\t\t\t\t\t\t\t<\/div>\n\t\t\t\t\t\t<div class='uagb-post__text uagb-post-grid-byline'>\n\t\t\t\t\t\t\t<\/div>\n\t\t\t\t\t\t\t<div class='uagb-post__text uagb-post__excerpt'>\n\t\t\t\t\tUna empresa privada de Petr\u00f3leo y Gas en Latinoam\u00e9rica nos invit\u00f3 a analizar y replantear su plan estrat\u00e9gico de exploraci\u00f3n y producci\u00f3n con el objetivo de identificar alternativas de desarrollo que aceleraran su crecimiento. A trav\u00e9s del trabajo en conjunto con el equipo de liderazgo del cliente y con profesionales t\u00e9cnicos expertos, logramos desarrollar una estrategia con un mayor valor esperado en la incorporaci\u00f3n de reservas y los niveles de producci\u00f3n. Para lograr este resultado fue fundamental el an\u00e1lisis sin sesgos de incertidumbres y de informaci\u00f3n confiable en la caracterizaci\u00f3n y evaluaci\u00f3n de alternativas del portafolio.\n\t\t\t\t<\/div>\n\t\t\t\t\t\t<div class=\"uagb-post__text uagb-post__cta wp-block-button\">\n\t\t\t\t<a class=\"wp-block-button__link uagb-text-link\" style=\"\" href=\"https:\/\/tandemsd.com\/es\/optimizacion-decision-exploracion-produccion\/\" target=\"_self\" rel=\"bookmark noopener noreferrer\">Leer m\u00e1s<\/a>\n\t\t\t<\/div>\n\t\t\t\n\t\t\t\t\t\t\t\t\t<\/article>\n\t\t\t\t\t\t\t\t\t\t\t\t\t\t\t\t<article class=\"uagb-post__inner-wrap\">\t\t\t\t\t\t\t\t<div class='uagb-post__image'>\n\t\t\t\t\t\t\t\t\t<a href=\"https:\/\/tandemsd.com\/es\/analisis-incertidumbre-tiempo-real\/\" target=\"_self\" rel=\"bookmark noopener noreferrer\" class='uagb-image-ratio-inherit'><img loading=\"lazy\" decoding=\"async\" width=\"1024\" height=\"512\" data-src=\"https:\/\/tandemsd.com\/wp-content\/uploads\/Analisis-de-incertidumbre-en-tiempo-real-1024x512.jpg\" class=\"attachment-large size-large lazyload\" alt=\"\" data-srcset=\"https:\/\/tandemsd.com\/wp-content\/uploads\/Analisis-de-incertidumbre-en-tiempo-real-1024x512.jpg 1024w, https:\/\/tandemsd.com\/wp-content\/uploads\/Analisis-de-incertidumbre-en-tiempo-real-300x150.jpg 300w, https:\/\/tandemsd.com\/wp-content\/uploads\/Analisis-de-incertidumbre-en-tiempo-real-768x384.jpg 768w, https:\/\/tandemsd.com\/wp-content\/uploads\/Analisis-de-incertidumbre-en-tiempo-real.jpg 1200w\" data-sizes=\"auto, (max-width: 1024px) 100vw, 1024px\" src=\"data:image\/gif;base64,R0lGODlhAQABAAAAACH5BAEKAAEALAAAAAABAAEAAAICTAEAOw==\" style=\"--smush-placeholder-width: 1024px; --smush-placeholder-aspect-ratio: 1024\/512;\" \/><noscript><img loading=\"lazy\" decoding=\"async\" width=\"1024\" height=\"512\" src=\"https:\/\/tandemsd.com\/wp-content\/uploads\/Analisis-de-incertidumbre-en-tiempo-real-1024x512.jpg\" class=\"attachment-large size-large\" alt=\"\" srcset=\"https:\/\/tandemsd.com\/wp-content\/uploads\/Analisis-de-incertidumbre-en-tiempo-real-1024x512.jpg 1024w, https:\/\/tandemsd.com\/wp-content\/uploads\/Analisis-de-incertidumbre-en-tiempo-real-300x150.jpg 300w, https:\/\/tandemsd.com\/wp-content\/uploads\/Analisis-de-incertidumbre-en-tiempo-real-768x384.jpg 768w, https:\/\/tandemsd.com\/wp-content\/uploads\/Analisis-de-incertidumbre-en-tiempo-real.jpg 1200w\" sizes=\"auto, (max-width: 1024px) 100vw, 1024px\" \/><\/noscript>\t\t\t\t\t<\/a>\n\t\t\t\t\t\t\t<\/div>\n\t\t\t\t\t\t<div class='uagb-post__text uagb-post-grid-byline'>\n\t\t\t\t\t\t\t<\/div>\n\t\t\t\t\t\t\t<div class='uagb-post__text uagb-post__excerpt'>\n\t\t\t\t\tAnte un escenario de restricci\u00f3n a las importaciones de tecnolog\u00eda en Argentina, una empresa global l\u00edder en la fabricaci\u00f3n y venta de computadoras nos solicit\u00f3 ayuda para tomar en un poco tiempo una serie de decisiones con su equipo ejecutivo en el corporativo de Estados Unidos.\nA trav\u00e9s del trabajo en conjunto, logramos dise\u00f1ar una estrategia contingente que permiti\u00f3 disminuir el riesgo y estructurar un plan que potencialmente capturar\u00eda nuevas oportunidades hacia adelante. \t\t\t\t<\/div>\n\t\t\t\t\t\t<div class=\"uagb-post__text uagb-post__cta wp-block-button\">\n\t\t\t\t<a class=\"wp-block-button__link uagb-text-link\" style=\"\" href=\"https:\/\/tandemsd.com\/es\/analisis-incertidumbre-tiempo-real\/\" target=\"_self\" rel=\"bookmark noopener noreferrer\">Leer m\u00e1s<\/a>\n\t\t\t<\/div>\n\t\t\t\n\t\t\t\t\t\t\t\t\t<\/article>\n\t\t\t\t\t\t\t\t\t\t\t\t\t<div class=\"uagb-post-pagination-wrap\">\n\t\t\t\t\t\t\t\t\t\t\t<\/div>\n\t\t\t\t\t\t\t\t<\/div>\n\t\t\t<\/div>\n<\/div>\n","protected":false},"excerpt":{"rendered":"<p>Decisiones de Alto Impacto Impulsando decisiones de alto impacto, apalancando resultados.&nbsp; Impulsando decisiones de alto impacto, apalancando resultados. Creemos que las decisiones definen el presente y dise\u00f1an el futuro de las personas y las organizaciones. Nuestras metodolog\u00edas disruptivas de evaluaci\u00f3n y gesti\u00f3n de decisiones permiten a nuestros clientes mejorar la forma en que se toman [&hellip;]<\/p>\n","protected":false},"author":1,"featured_media":0,"parent":2258,"menu_order":0,"comment_status":"closed","ping_status":"closed","template":"","meta":{"_uag_custom_page_level_css":"","advgb_blocks_editor_width":"","advgb_blocks_columns_visual_guide":"","site-sidebar-layout":"default","site-content-layout":"","ast-site-content-layout":"default","site-content-style":"default","site-sidebar-style":"default","ast-global-header-display":"","ast-banner-title-visibility":"","ast-main-header-display":"","ast-hfb-above-header-display":"","ast-hfb-below-header-display":"","ast-hfb-mobile-header-display":"","site-post-title":"disabled","ast-breadcrumbs-content":"","ast-featured-img":"","footer-sml-layout":"","theme-transparent-header-meta":"","adv-header-id-meta":"","stick-header-meta":"","header-above-stick-meta":"","header-main-stick-meta":"","header-below-stick-meta":"","astra-migrate-meta-layouts":"default","ast-page-background-enabled":"default","ast-page-background-meta":{"desktop":{"background-color":"var(--ast-global-color-4)","background-image":"","background-repeat":"repeat","background-position":"center center","background-size":"auto","background-attachment":"scroll","background-type":"","background-media":"","overlay-type":"","overlay-color":"","overlay-opacity":"","overlay-gradient":""},"tablet":{"background-color":"","background-image":"","background-repeat":"repeat","background-position":"center center","background-size":"auto","background-attachment":"scroll","background-type":"","background-media":"","overlay-type":"","overlay-color":"","overlay-opacity":"","overlay-gradient":""},"mobile":{"background-color":"","background-image":"","background-repeat":"repeat","background-position":"center center","background-size":"auto","background-attachment":"scroll","background-type":"","background-media":"","overlay-type":"","overlay-color":"","overlay-opacity":"","overlay-gradient":""}},"ast-content-background-meta":{"desktop":{"background-color":"var(--ast-global-color-5)","background-image":"","background-repeat":"repeat","background-position":"center center","background-size":"auto","background-attachment":"scroll","background-type":"","background-media":"","overlay-type":"","overlay-color":"","overlay-opacity":"","overlay-gradient":""},"tablet":{"background-color":"var(--ast-global-color-5)","background-image":"","background-repeat":"repeat","background-position":"center center","background-size":"auto","background-attachment":"scroll","background-type":"","background-media":"","overlay-type":"","overlay-color":"","overlay-opacity":"","overlay-gradient":""},"mobile":{"background-color":"var(--ast-global-color-5)","background-image":"","background-repeat":"repeat","background-position":"center center","background-size":"auto","background-attachment":"scroll","background-type":"","background-media":"","overlay-type":"","overlay-color":"","overlay-opacity":"","overlay-gradient":""}},"footnotes":""},"class_list":["post-2618","page","type-page","status-publish","hentry"],"yoast_head":"<!-- This site is optimized with the Yoast SEO plugin v24.3 - https:\/\/yoast.com\/wordpress\/plugins\/seo\/ -->\n<title>Decisiones de Alto Impacto - Tandem Boosting Decisions<\/title>\n<meta name=\"description\" content=\"Impulsando decisiones de alto impacto, apalancando resultados. \u00bfQuer\u00e9s conocer m\u00e1s de nuestra pr\u00e1ctica? Te contamos algunas historias de \u00e9xito.\" \/>\n<meta name=\"robots\" content=\"index, follow, max-snippet:-1, max-image-preview:large, max-video-preview:-1\" \/>\n<link rel=\"canonical\" href=\"https:\/\/tandemsd.com\/es\/soluciones\/decisiones-alto-impacto\/\" \/>\n<meta property=\"og:locale\" content=\"es_ES\" \/>\n<meta property=\"og:type\" content=\"article\" \/>\n<meta property=\"og:title\" content=\"Decisiones de Alto Impacto - Tandem Boosting Decisions\" \/>\n<meta property=\"og:description\" content=\"Impulsando decisiones de alto impacto, apalancando resultados. \u00bfQuer\u00e9s conocer m\u00e1s de nuestra pr\u00e1ctica? Te contamos algunas historias de \u00e9xito.\" \/>\n<meta property=\"og:url\" content=\"https:\/\/tandemsd.com\/es\/soluciones\/decisiones-alto-impacto\/\" \/>\n<meta property=\"og:site_name\" content=\"Tandem Boosting Decisions\" \/>\n<meta property=\"article:modified_time\" content=\"2022-12-07T02:43:40+00:00\" \/>\n<meta property=\"og:image\" content=\"https:\/\/tandemsd.com\/wp-content\/uploads\/2022\/11\/Logo-Margen-de-seguridad-con-bajada-scaled.jpg\" \/>\n\t<meta property=\"og:image:width\" content=\"2560\" \/>\n\t<meta property=\"og:image:height\" content=\"1026\" \/>\n\t<meta property=\"og:image:type\" content=\"image\/jpeg\" \/>\n<meta name=\"twitter:card\" content=\"summary_large_image\" \/>\n<meta name=\"twitter:site\" content=\"@TandemSD\" \/>\n<meta name=\"twitter:label1\" content=\"Tiempo de lectura\" \/>\n\t<meta name=\"twitter:data1\" content=\"1 minuto\" \/>\n<script type=\"application\/ld+json\" class=\"yoast-schema-graph\">{\"@context\":\"https:\/\/schema.org\",\"@graph\":[{\"@type\":\"WebPage\",\"@id\":\"https:\/\/tandemsd.com\/es\/soluciones\/decisiones-alto-impacto\/\",\"url\":\"https:\/\/tandemsd.com\/es\/soluciones\/decisiones-alto-impacto\/\",\"name\":\"Decisiones de Alto Impacto - Tandem Boosting Decisions\",\"isPartOf\":{\"@id\":\"https:\/\/tandemsd.com\/es\/#website\"},\"datePublished\":\"2022-11-24T18:13:56+00:00\",\"dateModified\":\"2022-12-07T02:43:40+00:00\",\"description\":\"Impulsando decisiones de alto impacto, apalancando resultados. \u00bfQuer\u00e9s conocer m\u00e1s de nuestra pr\u00e1ctica? Te contamos algunas historias de \u00e9xito.\",\"breadcrumb\":{\"@id\":\"https:\/\/tandemsd.com\/es\/soluciones\/decisiones-alto-impacto\/#breadcrumb\"},\"inLanguage\":\"es\",\"potentialAction\":[{\"@type\":\"ReadAction\",\"target\":[\"https:\/\/tandemsd.com\/es\/soluciones\/decisiones-alto-impacto\/\"]}]},{\"@type\":\"BreadcrumbList\",\"@id\":\"https:\/\/tandemsd.com\/es\/soluciones\/decisiones-alto-impacto\/#breadcrumb\",\"itemListElement\":[{\"@type\":\"ListItem\",\"position\":1,\"name\":\"Inicio\",\"item\":\"https:\/\/tandemsd.com\/es\/\"},{\"@type\":\"ListItem\",\"position\":2,\"name\":\"Soluciones\",\"item\":\"https:\/\/tandemsd.com\/es\/soluciones\/\"},{\"@type\":\"ListItem\",\"position\":3,\"name\":\"Decisiones de Alto Impacto\"}]},{\"@type\":\"WebSite\",\"@id\":\"https:\/\/tandemsd.com\/es\/#website\",\"url\":\"https:\/\/tandemsd.com\/es\/\",\"name\":\"Tandem Boosting Decisions\",\"description\":\"Impacting on results\",\"publisher\":{\"@id\":\"https:\/\/tandemsd.com\/es\/#organization\"},\"potentialAction\":[{\"@type\":\"SearchAction\",\"target\":{\"@type\":\"EntryPoint\",\"urlTemplate\":\"https:\/\/tandemsd.com\/es\/?s={search_term_string}\"},\"query-input\":{\"@type\":\"PropertyValueSpecification\",\"valueRequired\":true,\"valueName\":\"search_term_string\"}}],\"inLanguage\":\"es\"},{\"@type\":\"Organization\",\"@id\":\"https:\/\/tandemsd.com\/es\/#organization\",\"name\":\"Tandem\",\"url\":\"https:\/\/tandemsd.com\/es\/\",\"logo\":{\"@type\":\"ImageObject\",\"inLanguage\":\"es\",\"@id\":\"https:\/\/tandemsd.com\/es\/#\/schema\/logo\/image\/\",\"url\":\"https:\/\/tandemsd.com\/wp-content\/uploads\/tandem.png\",\"contentUrl\":\"https:\/\/tandemsd.com\/wp-content\/uploads\/tandem.png\",\"width\":1190,\"height\":294,\"caption\":\"Tandem\"},\"image\":{\"@id\":\"https:\/\/tandemsd.com\/es\/#\/schema\/logo\/image\/\"},\"sameAs\":[\"https:\/\/x.com\/TandemSD\",\"https:\/\/www.linkedin.com\/company\/tandemsd\/\"]}]}<\/script>\n<!-- \/ Yoast SEO plugin. -->","yoast_head_json":{"title":"Decisiones de Alto Impacto - Tandem Boosting Decisions","description":"Impulsando decisiones de alto impacto, apalancando resultados. \u00bfQuer\u00e9s conocer m\u00e1s de nuestra pr\u00e1ctica? Te contamos algunas historias de \u00e9xito.","robots":{"index":"index","follow":"follow","max-snippet":"max-snippet:-1","max-image-preview":"max-image-preview:large","max-video-preview":"max-video-preview:-1"},"canonical":"https:\/\/tandemsd.com\/es\/soluciones\/decisiones-alto-impacto\/","og_locale":"es_ES","og_type":"article","og_title":"Decisiones de Alto Impacto - Tandem Boosting Decisions","og_description":"Impulsando decisiones de alto impacto, apalancando resultados. \u00bfQuer\u00e9s conocer m\u00e1s de nuestra pr\u00e1ctica? Te contamos algunas historias de \u00e9xito.","og_url":"https:\/\/tandemsd.com\/es\/soluciones\/decisiones-alto-impacto\/","og_site_name":"Tandem Boosting Decisions","article_modified_time":"2022-12-07T02:43:40+00:00","og_image":[{"width":2560,"height":1026,"url":"https:\/\/tandemsd.com\/wp-content\/uploads\/2022\/11\/Logo-Margen-de-seguridad-con-bajada-scaled.jpg","type":"image\/jpeg"}],"twitter_card":"summary_large_image","twitter_site":"@TandemSD","twitter_misc":{"Tiempo de lectura":"1 minuto"},"schema":{"@context":"https:\/\/schema.org","@graph":[{"@type":"WebPage","@id":"https:\/\/tandemsd.com\/es\/soluciones\/decisiones-alto-impacto\/","url":"https:\/\/tandemsd.com\/es\/soluciones\/decisiones-alto-impacto\/","name":"Decisiones de Alto Impacto - Tandem Boosting Decisions","isPartOf":{"@id":"https:\/\/tandemsd.com\/es\/#website"},"datePublished":"2022-11-24T18:13:56+00:00","dateModified":"2022-12-07T02:43:40+00:00","description":"Impulsando decisiones de alto impacto, apalancando resultados. \u00bfQuer\u00e9s conocer m\u00e1s de nuestra pr\u00e1ctica? Te contamos algunas historias de \u00e9xito.","breadcrumb":{"@id":"https:\/\/tandemsd.com\/es\/soluciones\/decisiones-alto-impacto\/#breadcrumb"},"inLanguage":"es","potentialAction":[{"@type":"ReadAction","target":["https:\/\/tandemsd.com\/es\/soluciones\/decisiones-alto-impacto\/"]}]},{"@type":"BreadcrumbList","@id":"https:\/\/tandemsd.com\/es\/soluciones\/decisiones-alto-impacto\/#breadcrumb","itemListElement":[{"@type":"ListItem","position":1,"name":"Inicio","item":"https:\/\/tandemsd.com\/es\/"},{"@type":"ListItem","position":2,"name":"Soluciones","item":"https:\/\/tandemsd.com\/es\/soluciones\/"},{"@type":"ListItem","position":3,"name":"Decisiones de Alto Impacto"}]},{"@type":"WebSite","@id":"https:\/\/tandemsd.com\/es\/#website","url":"https:\/\/tandemsd.com\/es\/","name":"Tandem Boosting Decisions","description":"Impacting on results","publisher":{"@id":"https:\/\/tandemsd.com\/es\/#organization"},"potentialAction":[{"@type":"SearchAction","target":{"@type":"EntryPoint","urlTemplate":"https:\/\/tandemsd.com\/es\/?s={search_term_string}"},"query-input":{"@type":"PropertyValueSpecification","valueRequired":true,"valueName":"search_term_string"}}],"inLanguage":"es"},{"@type":"Organization","@id":"https:\/\/tandemsd.com\/es\/#organization","name":"Tandem","url":"https:\/\/tandemsd.com\/es\/","logo":{"@type":"ImageObject","inLanguage":"es","@id":"https:\/\/tandemsd.com\/es\/#\/schema\/logo\/image\/","url":"https:\/\/tandemsd.com\/wp-content\/uploads\/tandem.png","contentUrl":"https:\/\/tandemsd.com\/wp-content\/uploads\/tandem.png","width":1190,"height":294,"caption":"Tandem"},"image":{"@id":"https:\/\/tandemsd.com\/es\/#\/schema\/logo\/image\/"},"sameAs":["https:\/\/x.com\/TandemSD","https:\/\/www.linkedin.com\/company\/tandemsd\/"]}]}},"uagb_featured_image_src":{"full":false,"thumbnail":false,"medium":false,"medium_large":false,"large":false,"1536x1536":false,"2048x2048":false,"mailpoet_newsletter_max":false},"uagb_author_info":{"display_name":"adminflux","author_link":"https:\/\/tandemsd.com\/es\/author\/adminflux\/"},"uagb_comment_info":0,"uagb_excerpt":"Decisiones de Alto Impacto Impulsando decisiones de alto impacto, apalancando resultados.&nbsp; Impulsando decisiones de alto impacto, apalancando resultados. Creemos que las decisiones definen el presente y dise\u00f1an el futuro de las personas y las organizaciones. Nuestras metodolog\u00edas disruptivas de evaluaci\u00f3n y gesti\u00f3n de decisiones permiten a nuestros clientes mejorar la forma en que se toman&hellip;","coauthors":[],"author_meta":{"author_link":"https:\/\/tandemsd.com\/es\/author\/adminflux\/","display_name":"adminflux"},"relative_dates":{"created":"Publicado 3 a\u00f1os hace","modified":"Actualizado 3 a\u00f1os hace"},"absolute_dates":{"created":"Publicado el 24 noviembre, 2022","modified":"Actualizado el 6 diciembre, 2022"},"absolute_dates_time":{"created":"Publicado el 24 noviembre, 2022 3:13 pm","modified":"Actualizado el 6 diciembre, 2022 11:43 pm"},"featured_img_caption":"","featured_img":false,"series_order":"","_links":{"self":[{"href":"https:\/\/tandemsd.com\/es\/wp-json\/wp\/v2\/pages\/2618","targetHints":{"allow":["GET"]}}],"collection":[{"href":"https:\/\/tandemsd.com\/es\/wp-json\/wp\/v2\/pages"}],"about":[{"href":"https:\/\/tandemsd.com\/es\/wp-json\/wp\/v2\/types\/page"}],"author":[{"embeddable":true,"href":"https:\/\/tandemsd.com\/es\/wp-json\/wp\/v2\/users\/1"}],"replies":[{"embeddable":true,"href":"https:\/\/tandemsd.com\/es\/wp-json\/wp\/v2\/comments?post=2618"}],"version-history":[{"count":9,"href":"https:\/\/tandemsd.com\/es\/wp-json\/wp\/v2\/pages\/2618\/revisions"}],"predecessor-version":[{"id":3227,"href":"https:\/\/tandemsd.com\/es\/wp-json\/wp\/v2\/pages\/2618\/revisions\/3227"}],"up":[{"embeddable":true,"href":"https:\/\/tandemsd.com\/es\/wp-json\/wp\/v2\/pages\/2258"}],"wp:attachment":[{"href":"https:\/\/tandemsd.com\/es\/wp-json\/wp\/v2\/media?parent=2618"}],"curies":[{"name":"wp","href":"https:\/\/api.w.org\/{rel}","templated":true}]}}