{"id":2674,"date":"2022-11-24T23:08:52","date_gmt":"2022-11-25T02:08:52","guid":{"rendered":"https:\/\/tandemsd.com\/solutions\/data-decision-intelligence\/"},"modified":"2022-12-06T23:45:10","modified_gmt":"2022-12-07T02:45:10","slug":"data-decision-intelligence","status":"publish","type":"page","link":"https:\/\/tandemsd.com\/es\/soluciones\/data-decision-intelligence\/","title":{"rendered":"Data Decision Intelligence"},"content":{"rendered":"\n<div class=\"wp-block-columns alignfull are-vertically-aligned-center is-not-stacked-on-mobile is-layout-flex wp-container-core-columns-is-layout-28f84493 wp-block-columns-is-layout-flex\" id=\"box-title\">\n<div class=\"wp-block-column is-vertically-aligned-center col-blue col-solutions-title is-layout-flow wp-block-column-is-layout-flow\" style=\"flex-basis:60%\">\n<h2 class=\"h2-blue h2-blue-03 wp-block-heading\">Data Decision <br>Intelligence<\/h2>\n\n\n\n<p class=\"p-box has-ast-global-color-1-color has-text-color uag-hide-tab uag-hide-mob\" style=\"font-size:19px\">Impulsando la Inteligencia de Decisiones, liderando la optimizaci\u00f3n.<\/p>\n<\/div>\n\n\n\n<div class=\"wp-block-column is-vertically-aligned-center bg-solutions-data-decision-intelligence is-layout-flow wp-block-column-is-layout-flow\" style=\"flex-basis:40%\">\n<div style=\"height:360px\" aria-hidden=\"true\" class=\"wp-block-spacer anchor-box\"><\/div>\n<\/div>\n\n\n\n<div class=\"wp-block-column is-layout-flow wp-block-column-is-layout-flow\"><\/div>\n<\/div>\n\n\n\n<div class=\"wp-block-columns information-box uag-hide-desktop is-layout-flex wp-container-core-columns-is-layout-28f84493 wp-block-columns-is-layout-flex\" id=\"read-more-box-01\">\n<div class=\"wp-block-column bajada-box has-ast-global-color-2-color has-text-color is-layout-flow wp-block-column-is-layout-flow\">\n<h3 class=\"has-ast-global-color-1-color has-text-color wp-block-heading\">Impulsando la Inteligencia de Decisiones, liderando la optimizaci\u00f3n.<\/h3>\n<\/div>\n<\/div>\n\n\n\n<div class=\"wp-block-columns information-box is-layout-flex wp-container-core-columns-is-layout-28f84493 wp-block-columns-is-layout-flex\" id=\"read-more-box-01\">\n<div class=\"wp-block-column bajada-box has-ast-global-color-2-color has-text-color is-layout-flow wp-block-column-is-layout-flow\">\n<h3 class=\"has-ast-global-color-2-color has-text-color wp-block-heading\">Creemos en <strong>impulsar el crecimiento del negocio a trav\u00e9s de la inteligencia de decisiones<\/strong>.<\/h3>\n\n\n\n<h3 class=\"has-ast-global-color-2-color has-text-color wp-block-heading\">Las empresas hoy deben tomar m\u00e1s decisiones. Sabemos que, al optimizarlas, estamos optimizando sus resultados.<\/h3>\n\n\n\n<h3 class=\"has-ast-global-color-2-color has-text-color wp-block-heading\">Hemos aprendido que hay una enorme cantidad de datos que no sirven para tomar decisiones, y muchas decisiones que no est\u00e1n basadas en datos. Por eso, en Tandem, comenzamos por <strong>entender y priorizar las decisiones de m\u00e1s impacto<\/strong> y luego encontrar la <strong>informaci\u00f3n adecuada<\/strong> para potenciarlas.<\/h3>\n\n\n\n<h3 class=\"has-ast-global-color-2-color has-text-color wp-block-heading\">Se trata de <strong>convertir al <em>big data<\/em> en <em>great data<\/em><\/strong>. Y al <em>great data <\/em>en las mejores decisiones posibles. Esto es mucho m\u00e1s eficiente. No todas las decisiones pueden automatizarse, ni todas requieren del arte del ser humano.<\/h3>\n\n\n\n<h3 class=\"has-ast-global-color-2-color has-text-color wp-block-heading\">Creemos que, con el <strong>abordaje correcto para cada tipo de decisi\u00f3n<\/strong>, nuestros clientes pueden mejorar sus resultados, reducir costos y acortar los tiempos para mejorar el valor del negocio.<\/h3>\n<\/div>\n<\/div>\n\n\n\n<div class=\"wp-block-columns information-box is-layout-flex wp-container-core-columns-is-layout-28f84493 wp-block-columns-is-layout-flex\" id=\"box-article\">\n<div class=\"wp-block-column is-layout-flow wp-block-column-is-layout-flow\">\n<h3 class=\"separator-title wp-block-heading\" style=\"font-size:24px\">\u00bfQuieres conocer m\u00e1s de nuestra pr\u00e1ctica de Data Decision Intelligence? <br>Te contamos algunas historias de \u00e9xito.\u00a0<\/h3>\n\n\n\n\t\t\t<div class=\"wp-block-uagb-post-grid uagb-post-grid post-style uagb-post__image-position-top uagb-post__image-enabled uagb-block-5c9cada0     uagb-post__items uagb-post__columns-1 is-grid uagb-post__columns-tablet-2 uagb-post__columns-mobile-1 uagb-post__equal-height\" data-total=\"1\" style=\"\">\n\n\t\t\t\t\t\t\t\t\t\t\t\t<article class=\"uagb-post__inner-wrap\">\t\t\t\t\t\t\t\t<div class='uagb-post__image'>\n\t\t\t\t\t\t\t\t\t<a href=\"https:\/\/tandemsd.com\/es\/reportes-pensados-para-decidir\/\" target=\"_self\" rel=\"bookmark noopener noreferrer\" class='uagb-image-ratio-inherit'><img loading=\"lazy\" decoding=\"async\" width=\"1024\" height=\"512\" data-src=\"https:\/\/tandemsd.com\/wp-content\/uploads\/Reportes-pensados-para-decidir-1024x512.jpg\" class=\"attachment-large size-large lazyload\" alt=\"\" data-srcset=\"https:\/\/tandemsd.com\/wp-content\/uploads\/Reportes-pensados-para-decidir-1024x512.jpg 1024w, https:\/\/tandemsd.com\/wp-content\/uploads\/Reportes-pensados-para-decidir-300x150.jpg 300w, https:\/\/tandemsd.com\/wp-content\/uploads\/Reportes-pensados-para-decidir-768x384.jpg 768w, https:\/\/tandemsd.com\/wp-content\/uploads\/Reportes-pensados-para-decidir.jpg 1200w\" data-sizes=\"auto, (max-width: 1024px) 100vw, 1024px\" src=\"data:image\/gif;base64,R0lGODlhAQABAAAAACH5BAEKAAEALAAAAAABAAEAAAICTAEAOw==\" style=\"--smush-placeholder-width: 1024px; --smush-placeholder-aspect-ratio: 1024\/512;\" \/><noscript><img loading=\"lazy\" decoding=\"async\" width=\"1024\" height=\"512\" src=\"https:\/\/tandemsd.com\/wp-content\/uploads\/Reportes-pensados-para-decidir-1024x512.jpg\" class=\"attachment-large size-large\" alt=\"\" srcset=\"https:\/\/tandemsd.com\/wp-content\/uploads\/Reportes-pensados-para-decidir-1024x512.jpg 1024w, https:\/\/tandemsd.com\/wp-content\/uploads\/Reportes-pensados-para-decidir-300x150.jpg 300w, https:\/\/tandemsd.com\/wp-content\/uploads\/Reportes-pensados-para-decidir-768x384.jpg 768w, https:\/\/tandemsd.com\/wp-content\/uploads\/Reportes-pensados-para-decidir.jpg 1200w\" sizes=\"auto, (max-width: 1024px) 100vw, 1024px\" \/><\/noscript>\t\t\t\t\t<\/a>\n\t\t\t\t\t\t\t<\/div>\n\t\t\t\t\t\t<div class='uagb-post__text uagb-post-grid-byline'>\n\t\t\t\t\t\t\t<\/div>\n\t\t\t\t\t\t\t<div class='uagb-post__text uagb-post__excerpt'>\n\t\t\t\t\tUna empresa de consumo masivo nos invit\u00f3 a pensar juntos c\u00f3mo optimizar sus decisiones<\/strong>, utilizando la gran informaci\u00f3n y reportes que ten\u00edan disponibles pero que pocas veces se analizaban. Trabajamos juntos en la optimizaci\u00f3n de sus decisiones comerciales a trav\u00e9s del desarrollo de un Real-Time Decision Data que solo conten\u00edan la informaci\u00f3n necesaria para comprender mejor las variables clave.\t\t\t\t<\/div>\n\t\t\t\t\t\t<div class=\"uagb-post__text uagb-post__cta wp-block-button\">\n\t\t\t\t<a class=\"wp-block-button__link uagb-text-link\" style=\"\" href=\"https:\/\/tandemsd.com\/es\/reportes-pensados-para-decidir\/\" target=\"_self\" rel=\"bookmark noopener noreferrer\">Leer m\u00e1s<\/a>\n\t\t\t<\/div>\n\t\t\t\n\t\t\t\t\t\t\t\t\t<\/article>\n\t\t\t\t\t\t\t\t\t\t\t\t\t\t\t\t<article class=\"uagb-post__inner-wrap\">\t\t\t\t\t\t\t\t<div class='uagb-post__image'>\n\t\t\t\t\t\t\t\t\t<a href=\"https:\/\/tandemsd.com\/es\/optimizacion-rgm\/\" target=\"_self\" rel=\"bookmark noopener noreferrer\" class='uagb-image-ratio-inherit'><img loading=\"lazy\" decoding=\"async\" width=\"1024\" height=\"512\" data-src=\"https:\/\/tandemsd.com\/wp-content\/uploads\/Optimizacion-de-RGM-1024x512.jpg\" class=\"attachment-large size-large lazyload\" alt=\"\" data-srcset=\"https:\/\/tandemsd.com\/wp-content\/uploads\/Optimizacion-de-RGM-1024x512.jpg 1024w, https:\/\/tandemsd.com\/wp-content\/uploads\/Optimizacion-de-RGM-300x150.jpg 300w, https:\/\/tandemsd.com\/wp-content\/uploads\/Optimizacion-de-RGM-768x384.jpg 768w, https:\/\/tandemsd.com\/wp-content\/uploads\/Optimizacion-de-RGM.jpg 1200w\" data-sizes=\"auto, (max-width: 1024px) 100vw, 1024px\" src=\"data:image\/gif;base64,R0lGODlhAQABAAAAACH5BAEKAAEALAAAAAABAAEAAAICTAEAOw==\" style=\"--smush-placeholder-width: 1024px; --smush-placeholder-aspect-ratio: 1024\/512;\" \/><noscript><img loading=\"lazy\" decoding=\"async\" width=\"1024\" height=\"512\" src=\"https:\/\/tandemsd.com\/wp-content\/uploads\/Optimizacion-de-RGM-1024x512.jpg\" class=\"attachment-large size-large\" alt=\"\" srcset=\"https:\/\/tandemsd.com\/wp-content\/uploads\/Optimizacion-de-RGM-1024x512.jpg 1024w, https:\/\/tandemsd.com\/wp-content\/uploads\/Optimizacion-de-RGM-300x150.jpg 300w, https:\/\/tandemsd.com\/wp-content\/uploads\/Optimizacion-de-RGM-768x384.jpg 768w, https:\/\/tandemsd.com\/wp-content\/uploads\/Optimizacion-de-RGM.jpg 1200w\" sizes=\"auto, (max-width: 1024px) 100vw, 1024px\" \/><\/noscript>\t\t\t\t\t<\/a>\n\t\t\t\t\t\t\t<\/div>\n\t\t\t\t\t\t<div class='uagb-post__text uagb-post-grid-byline'>\n\t\t\t\t\t\t\t<\/div>\n\t\t\t\t\t\t\t<div class='uagb-post__text uagb-post__excerpt'>\n\t\t\t\t\tLas decisiones en las empresas son tomadas por mucha gente, siguen m\u00e9todos muy diferentes y se obtienen resultados dis\u00edmiles. En ocasiones incluso, hay decisiones que nunca se cuestionan ya que \u201csiempre se han tomado as\u00ed\u201d. Es por esto, que con frecuencia ayudamos a compa\u00f1\u00edas a \u201cponerle ciencia\u201d a las decisiones y apalancarnos en datos y tecnolog\u00eda, para asegurar que cada una se tome de la mejor manera costo\/beneficio posible. En una compa\u00f1\u00eda de consumo optimizamos decisiones de top line (precio, descuentos, promociones) a trav\u00e9s de asegurar un abordaje \u00f3ptimo y homog\u00e9neo entre todas las personas que toman decisiones semejantes en&#8230;\t\t\t\t<\/div>\n\t\t\t\t\t\t<div class=\"uagb-post__text uagb-post__cta wp-block-button\">\n\t\t\t\t<a class=\"wp-block-button__link uagb-text-link\" style=\"\" href=\"https:\/\/tandemsd.com\/es\/optimizacion-rgm\/\" target=\"_self\" rel=\"bookmark noopener noreferrer\">Leer m\u00e1s<\/a>\n\t\t\t<\/div>\n\t\t\t\n\t\t\t\t\t\t\t\t\t<\/article>\n\t\t\t\t\t\t\t\t\t\t\t\t\t<div class=\"uagb-post-pagination-wrap\">\n\t\t\t\t\t\t\t\t\t\t\t<\/div>\n\t\t\t\t\t\t\t\t<\/div>\n\t\t\t<\/div>\n<\/div>\n","protected":false},"excerpt":{"rendered":"<p>Data Decision Intelligence Impulsando la Inteligencia de Decisiones, liderando la optimizaci\u00f3n. Impulsando la Inteligencia de Decisiones, liderando la optimizaci\u00f3n. Creemos en impulsar el crecimiento del negocio a trav\u00e9s de la inteligencia de decisiones. Las empresas hoy deben tomar m\u00e1s decisiones. Sabemos que, al optimizarlas, estamos optimizando sus resultados. Hemos aprendido que hay una enorme cantidad [&hellip;]<\/p>\n","protected":false},"author":1,"featured_media":0,"parent":2258,"menu_order":0,"comment_status":"closed","ping_status":"closed","template":"","meta":{"_uag_custom_page_level_css":"","advgb_blocks_editor_width":"","advgb_blocks_columns_visual_guide":"","site-sidebar-layout":"default","site-content-layout":"","ast-site-content-layout":"","site-content-style":"default","site-sidebar-style":"default","ast-global-header-display":"","ast-banner-title-visibility":"","ast-main-header-display":"","ast-hfb-above-header-display":"","ast-hfb-below-header-display":"","ast-hfb-mobile-header-display":"","site-post-title":"disabled","ast-breadcrumbs-content":"","ast-featured-img":"","footer-sml-layout":"","theme-transparent-header-meta":"","adv-header-id-meta":"","stick-header-meta":"","header-above-stick-meta":"","header-main-stick-meta":"","header-below-stick-meta":"","astra-migrate-meta-layouts":"default","ast-page-background-enabled":"default","ast-page-background-meta":{"desktop":{"background-color":"var(--ast-global-color-4)","background-image":"","background-repeat":"repeat","background-position":"center center","background-size":"auto","background-attachment":"scroll","background-type":"","background-media":"","overlay-type":"","overlay-color":"","overlay-opacity":"","overlay-gradient":""},"tablet":{"background-color":"","background-image":"","background-repeat":"repeat","background-position":"center center","background-size":"auto","background-attachment":"scroll","background-type":"","background-media":"","overlay-type":"","overlay-color":"","overlay-opacity":"","overlay-gradient":""},"mobile":{"background-color":"","background-image":"","background-repeat":"repeat","background-position":"center center","background-size":"auto","background-attachment":"scroll","background-type":"","background-media":"","overlay-type":"","overlay-color":"","overlay-opacity":"","overlay-gradient":""}},"ast-content-background-meta":{"desktop":{"background-color":"var(--ast-global-color-5)","background-image":"","background-repeat":"repeat","background-position":"center center","background-size":"auto","background-attachment":"scroll","background-type":"","background-media":"","overlay-type":"","overlay-color":"","overlay-opacity":"","overlay-gradient":""},"tablet":{"background-color":"var(--ast-global-color-5)","background-image":"","background-repeat":"repeat","background-position":"center center","background-size":"auto","background-attachment":"scroll","background-type":"","background-media":"","overlay-type":"","overlay-color":"","overlay-opacity":"","overlay-gradient":""},"mobile":{"background-color":"var(--ast-global-color-5)","background-image":"","background-repeat":"repeat","background-position":"center center","background-size":"auto","background-attachment":"scroll","background-type":"","background-media":"","overlay-type":"","overlay-color":"","overlay-opacity":"","overlay-gradient":""}},"footnotes":""},"class_list":["post-2674","page","type-page","status-publish","hentry"],"yoast_head":"<!-- This site is optimized with the Yoast SEO plugin v24.3 - https:\/\/yoast.com\/wordpress\/plugins\/seo\/ -->\n<title>Data Decision Intelligence - Tandem Boosting Decisions<\/title>\n<meta name=\"description\" content=\"Impulsando la Inteligencia de Decisiones, liderando la optimizaci\u00f3n. \u00bfQuer\u00e9s conocer m\u00e1s de nuestra pr\u00e1ctica? Te contamos algunas historias de \u00e9xito.\" \/>\n<meta name=\"robots\" content=\"index, follow, max-snippet:-1, max-image-preview:large, max-video-preview:-1\" \/>\n<link rel=\"canonical\" href=\"https:\/\/tandemsd.com\/es\/soluciones\/data-decision-intelligence\/\" \/>\n<meta property=\"og:locale\" content=\"es_ES\" \/>\n<meta property=\"og:type\" content=\"article\" \/>\n<meta property=\"og:title\" content=\"Data Decision Intelligence - Tandem Boosting Decisions\" \/>\n<meta property=\"og:description\" content=\"Impulsando la Inteligencia de Decisiones, liderando la optimizaci\u00f3n. \u00bfQuer\u00e9s conocer m\u00e1s de nuestra pr\u00e1ctica? Te contamos algunas historias de \u00e9xito.\" \/>\n<meta property=\"og:url\" content=\"https:\/\/tandemsd.com\/es\/soluciones\/data-decision-intelligence\/\" \/>\n<meta property=\"og:site_name\" content=\"Tandem Boosting Decisions\" \/>\n<meta property=\"article:modified_time\" content=\"2022-12-07T02:45:10+00:00\" \/>\n<meta property=\"og:image\" content=\"https:\/\/tandemsd.com\/wp-content\/uploads\/2022\/11\/Logo-Margen-de-seguridad-con-bajada-scaled.jpg\" \/>\n\t<meta property=\"og:image:width\" content=\"2560\" \/>\n\t<meta property=\"og:image:height\" content=\"1026\" \/>\n\t<meta property=\"og:image:type\" content=\"image\/jpeg\" \/>\n<meta name=\"twitter:card\" content=\"summary_large_image\" \/>\n<meta name=\"twitter:site\" content=\"@TandemSD\" \/>\n<meta name=\"twitter:label1\" content=\"Tiempo de lectura\" \/>\n\t<meta name=\"twitter:data1\" content=\"1 minuto\" \/>\n<script type=\"application\/ld+json\" class=\"yoast-schema-graph\">{\"@context\":\"https:\/\/schema.org\",\"@graph\":[{\"@type\":\"WebPage\",\"@id\":\"https:\/\/tandemsd.com\/es\/soluciones\/data-decision-intelligence\/\",\"url\":\"https:\/\/tandemsd.com\/es\/soluciones\/data-decision-intelligence\/\",\"name\":\"Data Decision Intelligence - Tandem Boosting Decisions\",\"isPartOf\":{\"@id\":\"https:\/\/tandemsd.com\/es\/#website\"},\"datePublished\":\"2022-11-25T02:08:52+00:00\",\"dateModified\":\"2022-12-07T02:45:10+00:00\",\"description\":\"Impulsando la Inteligencia de Decisiones, liderando la optimizaci\u00f3n. \u00bfQuer\u00e9s conocer m\u00e1s de nuestra pr\u00e1ctica? Te contamos algunas historias de \u00e9xito.\",\"breadcrumb\":{\"@id\":\"https:\/\/tandemsd.com\/es\/soluciones\/data-decision-intelligence\/#breadcrumb\"},\"inLanguage\":\"es\",\"potentialAction\":[{\"@type\":\"ReadAction\",\"target\":[\"https:\/\/tandemsd.com\/es\/soluciones\/data-decision-intelligence\/\"]}]},{\"@type\":\"BreadcrumbList\",\"@id\":\"https:\/\/tandemsd.com\/es\/soluciones\/data-decision-intelligence\/#breadcrumb\",\"itemListElement\":[{\"@type\":\"ListItem\",\"position\":1,\"name\":\"Inicio\",\"item\":\"https:\/\/tandemsd.com\/es\/\"},{\"@type\":\"ListItem\",\"position\":2,\"name\":\"Soluciones\",\"item\":\"https:\/\/tandemsd.com\/es\/soluciones\/\"},{\"@type\":\"ListItem\",\"position\":3,\"name\":\"Data Decision Intelligence\"}]},{\"@type\":\"WebSite\",\"@id\":\"https:\/\/tandemsd.com\/es\/#website\",\"url\":\"https:\/\/tandemsd.com\/es\/\",\"name\":\"Tandem Boosting Decisions\",\"description\":\"Impacting on results\",\"publisher\":{\"@id\":\"https:\/\/tandemsd.com\/es\/#organization\"},\"potentialAction\":[{\"@type\":\"SearchAction\",\"target\":{\"@type\":\"EntryPoint\",\"urlTemplate\":\"https:\/\/tandemsd.com\/es\/?s={search_term_string}\"},\"query-input\":{\"@type\":\"PropertyValueSpecification\",\"valueRequired\":true,\"valueName\":\"search_term_string\"}}],\"inLanguage\":\"es\"},{\"@type\":\"Organization\",\"@id\":\"https:\/\/tandemsd.com\/es\/#organization\",\"name\":\"Tandem\",\"url\":\"https:\/\/tandemsd.com\/es\/\",\"logo\":{\"@type\":\"ImageObject\",\"inLanguage\":\"es\",\"@id\":\"https:\/\/tandemsd.com\/es\/#\/schema\/logo\/image\/\",\"url\":\"https:\/\/tandemsd.com\/wp-content\/uploads\/tandem.png\",\"contentUrl\":\"https:\/\/tandemsd.com\/wp-content\/uploads\/tandem.png\",\"width\":1190,\"height\":294,\"caption\":\"Tandem\"},\"image\":{\"@id\":\"https:\/\/tandemsd.com\/es\/#\/schema\/logo\/image\/\"},\"sameAs\":[\"https:\/\/x.com\/TandemSD\",\"https:\/\/www.linkedin.com\/company\/tandemsd\/\"]}]}<\/script>\n<!-- \/ Yoast SEO plugin. -->","yoast_head_json":{"title":"Data Decision Intelligence - Tandem Boosting Decisions","description":"Impulsando la Inteligencia de Decisiones, liderando la optimizaci\u00f3n. \u00bfQuer\u00e9s conocer m\u00e1s de nuestra pr\u00e1ctica? Te contamos algunas historias de \u00e9xito.","robots":{"index":"index","follow":"follow","max-snippet":"max-snippet:-1","max-image-preview":"max-image-preview:large","max-video-preview":"max-video-preview:-1"},"canonical":"https:\/\/tandemsd.com\/es\/soluciones\/data-decision-intelligence\/","og_locale":"es_ES","og_type":"article","og_title":"Data Decision Intelligence - Tandem Boosting Decisions","og_description":"Impulsando la Inteligencia de Decisiones, liderando la optimizaci\u00f3n. \u00bfQuer\u00e9s conocer m\u00e1s de nuestra pr\u00e1ctica? Te contamos algunas historias de \u00e9xito.","og_url":"https:\/\/tandemsd.com\/es\/soluciones\/data-decision-intelligence\/","og_site_name":"Tandem Boosting Decisions","article_modified_time":"2022-12-07T02:45:10+00:00","og_image":[{"width":2560,"height":1026,"url":"https:\/\/tandemsd.com\/wp-content\/uploads\/2022\/11\/Logo-Margen-de-seguridad-con-bajada-scaled.jpg","type":"image\/jpeg"}],"twitter_card":"summary_large_image","twitter_site":"@TandemSD","twitter_misc":{"Tiempo de lectura":"1 minuto"},"schema":{"@context":"https:\/\/schema.org","@graph":[{"@type":"WebPage","@id":"https:\/\/tandemsd.com\/es\/soluciones\/data-decision-intelligence\/","url":"https:\/\/tandemsd.com\/es\/soluciones\/data-decision-intelligence\/","name":"Data Decision Intelligence - Tandem Boosting Decisions","isPartOf":{"@id":"https:\/\/tandemsd.com\/es\/#website"},"datePublished":"2022-11-25T02:08:52+00:00","dateModified":"2022-12-07T02:45:10+00:00","description":"Impulsando la Inteligencia de Decisiones, liderando la optimizaci\u00f3n. \u00bfQuer\u00e9s conocer m\u00e1s de nuestra pr\u00e1ctica? Te contamos algunas historias de \u00e9xito.","breadcrumb":{"@id":"https:\/\/tandemsd.com\/es\/soluciones\/data-decision-intelligence\/#breadcrumb"},"inLanguage":"es","potentialAction":[{"@type":"ReadAction","target":["https:\/\/tandemsd.com\/es\/soluciones\/data-decision-intelligence\/"]}]},{"@type":"BreadcrumbList","@id":"https:\/\/tandemsd.com\/es\/soluciones\/data-decision-intelligence\/#breadcrumb","itemListElement":[{"@type":"ListItem","position":1,"name":"Inicio","item":"https:\/\/tandemsd.com\/es\/"},{"@type":"ListItem","position":2,"name":"Soluciones","item":"https:\/\/tandemsd.com\/es\/soluciones\/"},{"@type":"ListItem","position":3,"name":"Data Decision Intelligence"}]},{"@type":"WebSite","@id":"https:\/\/tandemsd.com\/es\/#website","url":"https:\/\/tandemsd.com\/es\/","name":"Tandem Boosting Decisions","description":"Impacting on results","publisher":{"@id":"https:\/\/tandemsd.com\/es\/#organization"},"potentialAction":[{"@type":"SearchAction","target":{"@type":"EntryPoint","urlTemplate":"https:\/\/tandemsd.com\/es\/?s={search_term_string}"},"query-input":{"@type":"PropertyValueSpecification","valueRequired":true,"valueName":"search_term_string"}}],"inLanguage":"es"},{"@type":"Organization","@id":"https:\/\/tandemsd.com\/es\/#organization","name":"Tandem","url":"https:\/\/tandemsd.com\/es\/","logo":{"@type":"ImageObject","inLanguage":"es","@id":"https:\/\/tandemsd.com\/es\/#\/schema\/logo\/image\/","url":"https:\/\/tandemsd.com\/wp-content\/uploads\/tandem.png","contentUrl":"https:\/\/tandemsd.com\/wp-content\/uploads\/tandem.png","width":1190,"height":294,"caption":"Tandem"},"image":{"@id":"https:\/\/tandemsd.com\/es\/#\/schema\/logo\/image\/"},"sameAs":["https:\/\/x.com\/TandemSD","https:\/\/www.linkedin.com\/company\/tandemsd\/"]}]}},"uagb_featured_image_src":{"full":false,"thumbnail":false,"medium":false,"medium_large":false,"large":false,"1536x1536":false,"2048x2048":false,"mailpoet_newsletter_max":false},"uagb_author_info":{"display_name":"adminflux","author_link":"https:\/\/tandemsd.com\/es\/author\/adminflux\/"},"uagb_comment_info":0,"uagb_excerpt":"Data Decision Intelligence Impulsando la Inteligencia de Decisiones, liderando la optimizaci\u00f3n. Impulsando la Inteligencia de Decisiones, liderando la optimizaci\u00f3n. Creemos en impulsar el crecimiento del negocio a trav\u00e9s de la inteligencia de decisiones. Las empresas hoy deben tomar m\u00e1s decisiones. Sabemos que, al optimizarlas, estamos optimizando sus resultados. Hemos aprendido que hay una enorme cantidad&hellip;","coauthors":[],"author_meta":{"author_link":"https:\/\/tandemsd.com\/es\/author\/adminflux\/","display_name":"adminflux"},"relative_dates":{"created":"Publicado 3 a\u00f1os hace","modified":"Actualizado 3 a\u00f1os hace"},"absolute_dates":{"created":"Publicado el 24 noviembre, 2022","modified":"Actualizado el 6 diciembre, 2022"},"absolute_dates_time":{"created":"Publicado el 24 noviembre, 2022 11:08 pm","modified":"Actualizado el 6 diciembre, 2022 11:45 pm"},"featured_img_caption":"","featured_img":false,"series_order":"","_links":{"self":[{"href":"https:\/\/tandemsd.com\/es\/wp-json\/wp\/v2\/pages\/2674","targetHints":{"allow":["GET"]}}],"collection":[{"href":"https:\/\/tandemsd.com\/es\/wp-json\/wp\/v2\/pages"}],"about":[{"href":"https:\/\/tandemsd.com\/es\/wp-json\/wp\/v2\/types\/page"}],"author":[{"embeddable":true,"href":"https:\/\/tandemsd.com\/es\/wp-json\/wp\/v2\/users\/1"}],"replies":[{"embeddable":true,"href":"https:\/\/tandemsd.com\/es\/wp-json\/wp\/v2\/comments?post=2674"}],"version-history":[{"count":7,"href":"https:\/\/tandemsd.com\/es\/wp-json\/wp\/v2\/pages\/2674\/revisions"}],"predecessor-version":[{"id":3228,"href":"https:\/\/tandemsd.com\/es\/wp-json\/wp\/v2\/pages\/2674\/revisions\/3228"}],"up":[{"embeddable":true,"href":"https:\/\/tandemsd.com\/es\/wp-json\/wp\/v2\/pages\/2258"}],"wp:attachment":[{"href":"https:\/\/tandemsd.com\/es\/wp-json\/wp\/v2\/media?parent=2674"}],"curies":[{"name":"wp","href":"https:\/\/api.w.org\/{rel}","templated":true}]}}