{"id":2689,"date":"2022-11-18T16:00:07","date_gmt":"2022-11-18T19:00:07","guid":{"rendered":"https:\/\/tandemsd.com\/solutions\/people-organization-decisions\/"},"modified":"2023-03-31T11:22:29","modified_gmt":"2023-03-31T14:22:29","slug":"decisiones-personas-organizacion","status":"publish","type":"page","link":"https:\/\/tandemsd.com\/es\/soluciones\/decisiones-personas-organizacion\/","title":{"rendered":"Decisiones organizacionales"},"content":{"rendered":"\n<div class=\"wp-block-columns alignfull are-vertically-aligned-center is-not-stacked-on-mobile is-layout-flex wp-container-core-columns-is-layout-28f84493 wp-block-columns-is-layout-flex\" id=\"box-title\">\n<div class=\"wp-block-column is-vertically-aligned-center col-blue col-solutions-title is-layout-flow wp-block-column-is-layout-flow\" style=\"flex-basis:60%\">\n<h2 class=\"wp-block-heading h2-blue h2-blue-03\">Decisiones<br>organizacionales <\/h2>\n\n\n\n<p class=\"p-box has-ast-global-color-1-color has-text-color uag-hide-tab uag-hide-mob\">Impulsando las capacidades organizacionales, empoderando a las personas.<\/p>\n<\/div>\n\n\n\n<div class=\"wp-block-column is-vertically-aligned-center bg-solutions-people-organization is-layout-flow wp-block-column-is-layout-flow\" style=\"flex-basis:40%\">\n<div style=\"height:360px\" aria-hidden=\"true\" class=\"wp-block-spacer anchor-box\"><\/div>\n<\/div>\n\n\n\n<div class=\"wp-block-column is-layout-flow wp-block-column-is-layout-flow\"><\/div>\n<\/div>\n\n\n\n<div class=\"wp-block-columns is-layout-flex wp-container-core-columns-is-layout-28f84493 wp-block-columns-is-layout-flex\" id=\"read-more-box-01\">\n<div class=\"wp-block-column read-more is-layout-flow wp-block-column-is-layout-flow\" id=\"box-read-more\">\n<h3 class=\"wp-block-heading uag-hide-desktop\">Impulsando las capacidades organizacionales, empoderando a las personas.<\/h3>\n<\/div>\n<\/div>\n\n\n\n<div class=\"wp-block-columns information-box is-layout-flex wp-container-core-columns-is-layout-28f84493 wp-block-columns-is-layout-flex\" id=\"read-more-box-01\">\n<div class=\"wp-block-column bajada-box is-layout-flow wp-block-column-is-layout-flow\">\n<h3 class=\"wp-block-heading has-ast-global-color-2-color has-text-color\">Creemos que<strong> <\/strong>las <strong>organizaciones que toman m\u00e1s y mejores decisiones<\/strong>, obtienen mayores resultados.<\/h3>\n\n\n\n<h3 class=\"wp-block-heading has-ast-global-color-2-color has-text-color\">Dise\u00f1ar <strong>la estructura organizacional y el modelo de gobierno adecuados<\/strong> es esencial para sacar el m\u00e1ximo provecho a la estrategia definida. <strong>Asignar roles claros, dise\u00f1ar rutinas efectivas y promover las habilidades precisas<\/strong> har\u00e1 que las cosas sucedan.<\/h3>\n\n\n\n<h3 class=\"wp-block-heading has-ast-global-color-2-color has-text-color\">Nuestro enfoque se centra en promover y generar las <strong>capacidades internas de toma de decisiones<\/strong> que necesitan las organizaciones traccionando las palancas adecuadas.<\/h3>\n\n\n\n<h3 class=\"wp-block-heading has-ast-global-color-2-color has-text-color\">Creemos que cuando las organizaciones se dise\u00f1an con un prop\u00f3sito, se toman mejores decisiones <strong>en todos los niveles y \u00e1reas<\/strong>, lo que resulta en mayor <strong><em>accountability<\/em><\/strong><strong> y agilidad<\/strong>.<\/h3>\n<\/div>\n<\/div>\n\n\n\n<div class=\"wp-block-columns information-box is-layout-flex wp-container-core-columns-is-layout-28f84493 wp-block-columns-is-layout-flex\" id=\"box-article\">\n<div class=\"wp-block-column is-layout-flow wp-block-column-is-layout-flow\">\n<h3 class=\"wp-block-heading separator-title\" style=\"font-size:24px\">\u00bfQuieres conocer m\u00e1s de nuestra pr\u00e1ctica de Decisiones Organizacionales? <br>Te contamos algunas historias de \u00e9xito.<\/h3>\n\n\n\n\t\t\t<div class=\"wp-block-uagb-post-grid uagb-post-grid post-style uagb-post__image-position-top uagb-post__image-enabled uagb-block-4e57978d     uagb-post__items uagb-post__columns-1 is-grid uagb-post__columns-tablet-2 uagb-post__columns-mobile-1 uagb-post__equal-height\" data-total=\"1\" style=\"\">\n\n\t\t\t\t\t\t\t\t\t\t\t\t<article class=\"uagb-post__inner-wrap\">\t\t\t\t\t\t\t\t<div class='uagb-post__image'>\n\t\t\t\t\t\t\t\t\t<a href=\"https:\/\/tandemsd.com\/es\/rediseno-de-estructura-organizacional\/\" target=\"_self\" rel=\"bookmark noopener noreferrer\" class='uagb-image-ratio-inherit'><img loading=\"lazy\" decoding=\"async\" width=\"1024\" height=\"512\" data-src=\"https:\/\/tandemsd.com\/wp-content\/uploads\/Rediseno-de-estructura-organizacional-1024x512.jpg\" class=\"attachment-large size-large lazyload\" alt=\"\" data-srcset=\"https:\/\/tandemsd.com\/wp-content\/uploads\/Rediseno-de-estructura-organizacional-1024x512.jpg 1024w, https:\/\/tandemsd.com\/wp-content\/uploads\/Rediseno-de-estructura-organizacional-300x150.jpg 300w, https:\/\/tandemsd.com\/wp-content\/uploads\/Rediseno-de-estructura-organizacional-768x384.jpg 768w, https:\/\/tandemsd.com\/wp-content\/uploads\/Rediseno-de-estructura-organizacional.jpg 1200w\" data-sizes=\"auto, (max-width: 1024px) 100vw, 1024px\" src=\"data:image\/gif;base64,R0lGODlhAQABAAAAACH5BAEKAAEALAAAAAABAAEAAAICTAEAOw==\" style=\"--smush-placeholder-width: 1024px; --smush-placeholder-aspect-ratio: 1024\/512;\" \/><noscript><img loading=\"lazy\" decoding=\"async\" width=\"1024\" height=\"512\" src=\"https:\/\/tandemsd.com\/wp-content\/uploads\/Rediseno-de-estructura-organizacional-1024x512.jpg\" class=\"attachment-large size-large\" alt=\"\" srcset=\"https:\/\/tandemsd.com\/wp-content\/uploads\/Rediseno-de-estructura-organizacional-1024x512.jpg 1024w, https:\/\/tandemsd.com\/wp-content\/uploads\/Rediseno-de-estructura-organizacional-300x150.jpg 300w, https:\/\/tandemsd.com\/wp-content\/uploads\/Rediseno-de-estructura-organizacional-768x384.jpg 768w, https:\/\/tandemsd.com\/wp-content\/uploads\/Rediseno-de-estructura-organizacional.jpg 1200w\" sizes=\"auto, (max-width: 1024px) 100vw, 1024px\" \/><\/noscript>\t\t\t\t\t<\/a>\n\t\t\t\t\t\t\t<\/div>\n\t\t\t\t\t\t<div class='uagb-post__text uagb-post-grid-byline'>\n\t\t\t\t\t\t\t<\/div>\n\t\t\t\t\t\t\t<div class='uagb-post__text uagb-post__excerpt'>\n\t\t\t\t\tPotenciamos los resultados de un banco global a trav\u00e9s de ayudarlos a decidir el dise\u00f1o \u00f3ptimo de la estructura que, alineada a la estrategia de digitalizaci\u00f3n\n que la compa\u00f1\u00eda lleva adelante, permitiera optimizar la asignaci\u00f3n de recursos y generar sinergias entre las funciones clave.\t\t\t\t<\/div>\n\t\t\t\t\t\t<div class=\"uagb-post__text uagb-post__cta wp-block-button\">\n\t\t\t\t<a class=\"wp-block-button__link uagb-text-link\" style=\"\" href=\"https:\/\/tandemsd.com\/es\/rediseno-de-estructura-organizacional\/\" target=\"_self\" rel=\"bookmark noopener noreferrer\">Leer m\u00e1s<\/a>\n\t\t\t<\/div>\n\t\t\t\n\t\t\t\t\t\t\t\t\t<\/article>\n\t\t\t\t\t\t\t\t\t\t\t\t\t\t\t\t<article class=\"uagb-post__inner-wrap\">\t\t\t\t\t\t\t\t<div class='uagb-post__image'>\n\t\t\t\t\t\t\t\t\t<a href=\"https:\/\/tandemsd.com\/es\/roles-y-responsabilidades\/\" target=\"_self\" rel=\"bookmark noopener noreferrer\" class='uagb-image-ratio-inherit'><img loading=\"lazy\" decoding=\"async\" width=\"1024\" height=\"512\" data-src=\"https:\/\/tandemsd.com\/wp-content\/uploads\/Roles-y-responsabilidades-1024x512.jpg\" class=\"attachment-large size-large lazyload\" alt=\"\" data-srcset=\"https:\/\/tandemsd.com\/wp-content\/uploads\/Roles-y-responsabilidades-1024x512.jpg 1024w, https:\/\/tandemsd.com\/wp-content\/uploads\/Roles-y-responsabilidades-300x150.jpg 300w, https:\/\/tandemsd.com\/wp-content\/uploads\/Roles-y-responsabilidades-768x384.jpg 768w, https:\/\/tandemsd.com\/wp-content\/uploads\/Roles-y-responsabilidades.jpg 1200w\" data-sizes=\"auto, (max-width: 1024px) 100vw, 1024px\" src=\"data:image\/gif;base64,R0lGODlhAQABAAAAACH5BAEKAAEALAAAAAABAAEAAAICTAEAOw==\" style=\"--smush-placeholder-width: 1024px; --smush-placeholder-aspect-ratio: 1024\/512;\" \/><noscript><img loading=\"lazy\" decoding=\"async\" width=\"1024\" height=\"512\" src=\"https:\/\/tandemsd.com\/wp-content\/uploads\/Roles-y-responsabilidades-1024x512.jpg\" class=\"attachment-large size-large\" alt=\"\" srcset=\"https:\/\/tandemsd.com\/wp-content\/uploads\/Roles-y-responsabilidades-1024x512.jpg 1024w, https:\/\/tandemsd.com\/wp-content\/uploads\/Roles-y-responsabilidades-300x150.jpg 300w, https:\/\/tandemsd.com\/wp-content\/uploads\/Roles-y-responsabilidades-768x384.jpg 768w, https:\/\/tandemsd.com\/wp-content\/uploads\/Roles-y-responsabilidades.jpg 1200w\" sizes=\"auto, (max-width: 1024px) 100vw, 1024px\" \/><\/noscript>\t\t\t\t\t<\/a>\n\t\t\t\t\t\t\t<\/div>\n\t\t\t\t\t\t<div class='uagb-post__text uagb-post-grid-byline'>\n\t\t\t\t\t\t\t<\/div>\n\t\t\t\t\t\t\t<div class='uagb-post__text uagb-post__excerpt'>\n\t\t\t\t\tAyudamos a una empresa internacional de la industria farmac\u00e9utica a \nagilizar el proceso de toma de decisiones a nivel regional.\nPara lograrlo utilizamos nuestra metodolog\u00eda de agilidad de decisi\u00f3n, lo que nos permiti\u00f3 asegurar el balance de las decisiones en los distintos niveles de la organizaci\u00f3n, reducir la cantidad de actores involucrados y empoderar a los niveles m\u00e1s cercanos a cada operaci\u00f3n cuando era conveniente.\t\t\t\t<\/div>\n\t\t\t\t\t\t<div class=\"uagb-post__text uagb-post__cta wp-block-button\">\n\t\t\t\t<a class=\"wp-block-button__link uagb-text-link\" style=\"\" href=\"https:\/\/tandemsd.com\/es\/roles-y-responsabilidades\/\" target=\"_self\" rel=\"bookmark noopener noreferrer\">Leer m\u00e1s<\/a>\n\t\t\t<\/div>\n\t\t\t\n\t\t\t\t\t\t\t\t\t<\/article>\n\t\t\t\t\t\t\t\t\t\t\t\t\t\t\t\t<article class=\"uagb-post__inner-wrap\">\t\t\t\t\t\t\t\t<div class='uagb-post__image'>\n\t\t\t\t\t\t\t\t\t<a href=\"https:\/\/tandemsd.com\/es\/diseno-de-rutinas-de-gestion\/\" target=\"_self\" rel=\"bookmark noopener noreferrer\" class='uagb-image-ratio-inherit'><img loading=\"lazy\" decoding=\"async\" width=\"1024\" height=\"512\" data-src=\"https:\/\/tandemsd.com\/wp-content\/uploads\/Diseno-de-rutinas-de-gestion-1024x512.jpg\" class=\"attachment-large size-large lazyload\" alt=\"\" data-srcset=\"https:\/\/tandemsd.com\/wp-content\/uploads\/Diseno-de-rutinas-de-gestion-1024x512.jpg 1024w, https:\/\/tandemsd.com\/wp-content\/uploads\/Diseno-de-rutinas-de-gestion-300x150.jpg 300w, https:\/\/tandemsd.com\/wp-content\/uploads\/Diseno-de-rutinas-de-gestion-768x384.jpg 768w, https:\/\/tandemsd.com\/wp-content\/uploads\/Diseno-de-rutinas-de-gestion.jpg 1200w\" data-sizes=\"auto, (max-width: 1024px) 100vw, 1024px\" src=\"data:image\/gif;base64,R0lGODlhAQABAAAAACH5BAEKAAEALAAAAAABAAEAAAICTAEAOw==\" style=\"--smush-placeholder-width: 1024px; --smush-placeholder-aspect-ratio: 1024\/512;\" \/><noscript><img loading=\"lazy\" decoding=\"async\" width=\"1024\" height=\"512\" src=\"https:\/\/tandemsd.com\/wp-content\/uploads\/Diseno-de-rutinas-de-gestion-1024x512.jpg\" class=\"attachment-large size-large\" alt=\"\" srcset=\"https:\/\/tandemsd.com\/wp-content\/uploads\/Diseno-de-rutinas-de-gestion-1024x512.jpg 1024w, https:\/\/tandemsd.com\/wp-content\/uploads\/Diseno-de-rutinas-de-gestion-300x150.jpg 300w, https:\/\/tandemsd.com\/wp-content\/uploads\/Diseno-de-rutinas-de-gestion-768x384.jpg 768w, https:\/\/tandemsd.com\/wp-content\/uploads\/Diseno-de-rutinas-de-gestion.jpg 1200w\" sizes=\"auto, (max-width: 1024px) 100vw, 1024px\" \/><\/noscript>\t\t\t\t\t<\/a>\n\t\t\t\t\t\t\t<\/div>\n\t\t\t\t\t\t<div class='uagb-post__text uagb-post-grid-byline'>\n\t\t\t\t\t\t\t<\/div>\n\t\t\t\t\t\t\t<div class='uagb-post__text uagb-post__excerpt'>\n\t\t\t\t\tLiberamos 1 hora diaria de rutinas en todos los niveles de una empresa de consumo masivo, reduciendo m\u00e1s de 30% de horas en reuniones al a\u00f1o a trav\u00e9s de focalizar las rutinas en la toma de decisiones y acompa\u00f1arlos en la adopci\u00f3n de nuevos h\u00e1bitos. Para entender la situaci\u00f3n actual y definir hacia donde quer\u00edamos ir, utilizamos nuestro \u00edndice de agilidad de rutinas que incluye 4 componentes: Foco, Productividad, Simplicidad y Brevedad. \t\t\t\t<\/div>\n\t\t\t\t\t\t<div class=\"uagb-post__text uagb-post__cta wp-block-button\">\n\t\t\t\t<a class=\"wp-block-button__link uagb-text-link\" style=\"\" href=\"https:\/\/tandemsd.com\/es\/diseno-de-rutinas-de-gestion\/\" target=\"_self\" rel=\"bookmark noopener noreferrer\">Leer m\u00e1s<\/a>\n\t\t\t<\/div>\n\t\t\t\n\t\t\t\t\t\t\t\t\t<\/article>\n\t\t\t\t\t\t\t\t\t\t\t\t\t<div class=\"uagb-post-pagination-wrap\">\n\t\t\t\t\t\t\t\t\t\t\t<\/div>\n\t\t\t\t\t\t\t\t<\/div>\n\t\t\t<\/div>\n<\/div>\n","protected":false},"excerpt":{"rendered":"<p>Decisionesorganizacionales Impulsando las capacidades organizacionales, empoderando a las personas. Impulsando las capacidades organizacionales, empoderando a las personas. Creemos que las organizaciones que toman m\u00e1s y mejores decisiones, obtienen mayores resultados. Dise\u00f1ar la estructura organizacional y el modelo de gobierno adecuados es esencial para sacar el m\u00e1ximo provecho a la estrategia definida. Asignar roles claros, dise\u00f1ar [&hellip;]<\/p>\n","protected":false},"author":3,"featured_media":0,"parent":2258,"menu_order":0,"comment_status":"closed","ping_status":"closed","template":"","meta":{"_uag_custom_page_level_css":"","advgb_blocks_editor_width":"","advgb_blocks_columns_visual_guide":"","site-sidebar-layout":"default","site-content-layout":"","ast-site-content-layout":"","site-content-style":"default","site-sidebar-style":"default","ast-global-header-display":"","ast-banner-title-visibility":"","ast-main-header-display":"","ast-hfb-above-header-display":"","ast-hfb-below-header-display":"","ast-hfb-mobile-header-display":"","site-post-title":"disabled","ast-breadcrumbs-content":"","ast-featured-img":"","footer-sml-layout":"","theme-transparent-header-meta":"","adv-header-id-meta":"","stick-header-meta":"","header-above-stick-meta":"","header-main-stick-meta":"","header-below-stick-meta":"","astra-migrate-meta-layouts":"default","ast-page-background-enabled":"default","ast-page-background-meta":{"desktop":{"background-color":"var(--ast-global-color-4)","background-image":"","background-repeat":"repeat","background-position":"center center","background-size":"auto","background-attachment":"scroll","background-type":"","background-media":"","overlay-type":"","overlay-color":"","overlay-opacity":"","overlay-gradient":""},"tablet":{"background-color":"","background-image":"","background-repeat":"repeat","background-position":"center center","background-size":"auto","background-attachment":"scroll","background-type":"","background-media":"","overlay-type":"","overlay-color":"","overlay-opacity":"","overlay-gradient":""},"mobile":{"background-color":"","background-image":"","background-repeat":"repeat","background-position":"center center","background-size":"auto","background-attachment":"scroll","background-type":"","background-media":"","overlay-type":"","overlay-color":"","overlay-opacity":"","overlay-gradient":""}},"ast-content-background-meta":{"desktop":{"background-color":"var(--ast-global-color-5)","background-image":"","background-repeat":"repeat","background-position":"center center","background-size":"auto","background-attachment":"scroll","background-type":"","background-media":"","overlay-type":"","overlay-color":"","overlay-opacity":"","overlay-gradient":""},"tablet":{"background-color":"var(--ast-global-color-5)","background-image":"","background-repeat":"repeat","background-position":"center center","background-size":"auto","background-attachment":"scroll","background-type":"","background-media":"","overlay-type":"","overlay-color":"","overlay-opacity":"","overlay-gradient":""},"mobile":{"background-color":"var(--ast-global-color-5)","background-image":"","background-repeat":"repeat","background-position":"center center","background-size":"auto","background-attachment":"scroll","background-type":"","background-media":"","overlay-type":"","overlay-color":"","overlay-opacity":"","overlay-gradient":""}},"footnotes":""},"class_list":["post-2689","page","type-page","status-publish","hentry"],"yoast_head":"<!-- This site is optimized with the Yoast SEO plugin v24.3 - https:\/\/yoast.com\/wordpress\/plugins\/seo\/ -->\n<title>Decisiones organizacionales - Tandem Boosting Decisions<\/title>\n<meta name=\"description\" content=\"Impulsando las capacidades organizacionales, empoderando a las personas. \u00bfQuer\u00e9s conocer m\u00e1s de nuestra pr\u00e1ctica?\" \/>\n<meta name=\"robots\" content=\"index, follow, max-snippet:-1, max-image-preview:large, max-video-preview:-1\" \/>\n<link rel=\"canonical\" href=\"https:\/\/tandemsd.com\/es\/soluciones\/decisiones-personas-organizacion\/\" \/>\n<meta property=\"og:locale\" content=\"es_ES\" \/>\n<meta property=\"og:type\" content=\"article\" \/>\n<meta property=\"og:title\" content=\"Decisiones organizacionales - Tandem Boosting Decisions\" \/>\n<meta property=\"og:description\" content=\"Impulsando las capacidades organizacionales, empoderando a las personas. \u00bfQuer\u00e9s conocer m\u00e1s de nuestra pr\u00e1ctica?\" \/>\n<meta property=\"og:url\" content=\"https:\/\/tandemsd.com\/es\/soluciones\/decisiones-personas-organizacion\/\" \/>\n<meta property=\"og:site_name\" content=\"Tandem Boosting Decisions\" \/>\n<meta property=\"article:modified_time\" content=\"2023-03-31T14:22:29+00:00\" \/>\n<meta property=\"og:image\" content=\"https:\/\/tandemsd.com\/wp-content\/uploads\/2022\/11\/Logo-Margen-de-seguridad-con-bajada-scaled.jpg\" \/>\n\t<meta property=\"og:image:width\" content=\"2560\" \/>\n\t<meta property=\"og:image:height\" content=\"1026\" \/>\n\t<meta property=\"og:image:type\" content=\"image\/jpeg\" \/>\n<meta name=\"twitter:card\" content=\"summary_large_image\" \/>\n<meta name=\"twitter:site\" content=\"@TandemSD\" \/>\n<meta name=\"twitter:label1\" content=\"Tiempo de lectura\" \/>\n\t<meta name=\"twitter:data1\" content=\"1 minuto\" \/>\n<script type=\"application\/ld+json\" class=\"yoast-schema-graph\">{\"@context\":\"https:\/\/schema.org\",\"@graph\":[{\"@type\":\"WebPage\",\"@id\":\"https:\/\/tandemsd.com\/es\/soluciones\/decisiones-personas-organizacion\/\",\"url\":\"https:\/\/tandemsd.com\/es\/soluciones\/decisiones-personas-organizacion\/\",\"name\":\"Decisiones organizacionales - Tandem Boosting Decisions\",\"isPartOf\":{\"@id\":\"https:\/\/tandemsd.com\/es\/#website\"},\"datePublished\":\"2022-11-18T19:00:07+00:00\",\"dateModified\":\"2023-03-31T14:22:29+00:00\",\"description\":\"Impulsando las capacidades organizacionales, empoderando a las personas. \u00bfQuer\u00e9s conocer m\u00e1s de nuestra pr\u00e1ctica?\",\"breadcrumb\":{\"@id\":\"https:\/\/tandemsd.com\/es\/soluciones\/decisiones-personas-organizacion\/#breadcrumb\"},\"inLanguage\":\"es\",\"potentialAction\":[{\"@type\":\"ReadAction\",\"target\":[\"https:\/\/tandemsd.com\/es\/soluciones\/decisiones-personas-organizacion\/\"]}]},{\"@type\":\"BreadcrumbList\",\"@id\":\"https:\/\/tandemsd.com\/es\/soluciones\/decisiones-personas-organizacion\/#breadcrumb\",\"itemListElement\":[{\"@type\":\"ListItem\",\"position\":1,\"name\":\"Inicio\",\"item\":\"https:\/\/tandemsd.com\/es\/\"},{\"@type\":\"ListItem\",\"position\":2,\"name\":\"Soluciones\",\"item\":\"https:\/\/tandemsd.com\/es\/soluciones\/\"},{\"@type\":\"ListItem\",\"position\":3,\"name\":\"Decisiones organizacionales\"}]},{\"@type\":\"WebSite\",\"@id\":\"https:\/\/tandemsd.com\/es\/#website\",\"url\":\"https:\/\/tandemsd.com\/es\/\",\"name\":\"Tandem Boosting Decisions\",\"description\":\"Impacting on results\",\"publisher\":{\"@id\":\"https:\/\/tandemsd.com\/es\/#organization\"},\"potentialAction\":[{\"@type\":\"SearchAction\",\"target\":{\"@type\":\"EntryPoint\",\"urlTemplate\":\"https:\/\/tandemsd.com\/es\/?s={search_term_string}\"},\"query-input\":{\"@type\":\"PropertyValueSpecification\",\"valueRequired\":true,\"valueName\":\"search_term_string\"}}],\"inLanguage\":\"es\"},{\"@type\":\"Organization\",\"@id\":\"https:\/\/tandemsd.com\/es\/#organization\",\"name\":\"Tandem\",\"url\":\"https:\/\/tandemsd.com\/es\/\",\"logo\":{\"@type\":\"ImageObject\",\"inLanguage\":\"es\",\"@id\":\"https:\/\/tandemsd.com\/es\/#\/schema\/logo\/image\/\",\"url\":\"https:\/\/tandemsd.com\/wp-content\/uploads\/tandem.png\",\"contentUrl\":\"https:\/\/tandemsd.com\/wp-content\/uploads\/tandem.png\",\"width\":1190,\"height\":294,\"caption\":\"Tandem\"},\"image\":{\"@id\":\"https:\/\/tandemsd.com\/es\/#\/schema\/logo\/image\/\"},\"sameAs\":[\"https:\/\/x.com\/TandemSD\",\"https:\/\/www.linkedin.com\/company\/tandemsd\/\"]}]}<\/script>\n<!-- \/ Yoast SEO plugin. -->","yoast_head_json":{"title":"Decisiones organizacionales - Tandem Boosting Decisions","description":"Impulsando las capacidades organizacionales, empoderando a las personas. \u00bfQuer\u00e9s conocer m\u00e1s de nuestra pr\u00e1ctica?","robots":{"index":"index","follow":"follow","max-snippet":"max-snippet:-1","max-image-preview":"max-image-preview:large","max-video-preview":"max-video-preview:-1"},"canonical":"https:\/\/tandemsd.com\/es\/soluciones\/decisiones-personas-organizacion\/","og_locale":"es_ES","og_type":"article","og_title":"Decisiones organizacionales - Tandem Boosting Decisions","og_description":"Impulsando las capacidades organizacionales, empoderando a las personas. \u00bfQuer\u00e9s conocer m\u00e1s de nuestra pr\u00e1ctica?","og_url":"https:\/\/tandemsd.com\/es\/soluciones\/decisiones-personas-organizacion\/","og_site_name":"Tandem Boosting Decisions","article_modified_time":"2023-03-31T14:22:29+00:00","og_image":[{"width":2560,"height":1026,"url":"https:\/\/tandemsd.com\/wp-content\/uploads\/2022\/11\/Logo-Margen-de-seguridad-con-bajada-scaled.jpg","type":"image\/jpeg"}],"twitter_card":"summary_large_image","twitter_site":"@TandemSD","twitter_misc":{"Tiempo de lectura":"1 minuto"},"schema":{"@context":"https:\/\/schema.org","@graph":[{"@type":"WebPage","@id":"https:\/\/tandemsd.com\/es\/soluciones\/decisiones-personas-organizacion\/","url":"https:\/\/tandemsd.com\/es\/soluciones\/decisiones-personas-organizacion\/","name":"Decisiones organizacionales - Tandem Boosting Decisions","isPartOf":{"@id":"https:\/\/tandemsd.com\/es\/#website"},"datePublished":"2022-11-18T19:00:07+00:00","dateModified":"2023-03-31T14:22:29+00:00","description":"Impulsando las capacidades organizacionales, empoderando a las personas. \u00bfQuer\u00e9s conocer m\u00e1s de nuestra pr\u00e1ctica?","breadcrumb":{"@id":"https:\/\/tandemsd.com\/es\/soluciones\/decisiones-personas-organizacion\/#breadcrumb"},"inLanguage":"es","potentialAction":[{"@type":"ReadAction","target":["https:\/\/tandemsd.com\/es\/soluciones\/decisiones-personas-organizacion\/"]}]},{"@type":"BreadcrumbList","@id":"https:\/\/tandemsd.com\/es\/soluciones\/decisiones-personas-organizacion\/#breadcrumb","itemListElement":[{"@type":"ListItem","position":1,"name":"Inicio","item":"https:\/\/tandemsd.com\/es\/"},{"@type":"ListItem","position":2,"name":"Soluciones","item":"https:\/\/tandemsd.com\/es\/soluciones\/"},{"@type":"ListItem","position":3,"name":"Decisiones organizacionales"}]},{"@type":"WebSite","@id":"https:\/\/tandemsd.com\/es\/#website","url":"https:\/\/tandemsd.com\/es\/","name":"Tandem Boosting Decisions","description":"Impacting on results","publisher":{"@id":"https:\/\/tandemsd.com\/es\/#organization"},"potentialAction":[{"@type":"SearchAction","target":{"@type":"EntryPoint","urlTemplate":"https:\/\/tandemsd.com\/es\/?s={search_term_string}"},"query-input":{"@type":"PropertyValueSpecification","valueRequired":true,"valueName":"search_term_string"}}],"inLanguage":"es"},{"@type":"Organization","@id":"https:\/\/tandemsd.com\/es\/#organization","name":"Tandem","url":"https:\/\/tandemsd.com\/es\/","logo":{"@type":"ImageObject","inLanguage":"es","@id":"https:\/\/tandemsd.com\/es\/#\/schema\/logo\/image\/","url":"https:\/\/tandemsd.com\/wp-content\/uploads\/tandem.png","contentUrl":"https:\/\/tandemsd.com\/wp-content\/uploads\/tandem.png","width":1190,"height":294,"caption":"Tandem"},"image":{"@id":"https:\/\/tandemsd.com\/es\/#\/schema\/logo\/image\/"},"sameAs":["https:\/\/x.com\/TandemSD","https:\/\/www.linkedin.com\/company\/tandemsd\/"]}]}},"uagb_featured_image_src":{"full":false,"thumbnail":false,"medium":false,"medium_large":false,"large":false,"1536x1536":false,"2048x2048":false,"mailpoet_newsletter_max":false},"uagb_author_info":{"display_name":"admina","author_link":"https:\/\/tandemsd.com\/es\/author\/admina\/"},"uagb_comment_info":0,"uagb_excerpt":"Decisionesorganizacionales Impulsando las capacidades organizacionales, empoderando a las personas. Impulsando las capacidades organizacionales, empoderando a las personas. Creemos que las organizaciones que toman m\u00e1s y mejores decisiones, obtienen mayores resultados. Dise\u00f1ar la estructura organizacional y el modelo de gobierno adecuados es esencial para sacar el m\u00e1ximo provecho a la estrategia definida. Asignar roles claros, dise\u00f1ar&hellip;","coauthors":[],"author_meta":{"author_link":"https:\/\/tandemsd.com\/es\/author\/admina\/","display_name":"admina"},"relative_dates":{"created":"Publicado 3 a\u00f1os hace","modified":"Actualizado 3 a\u00f1os hace"},"absolute_dates":{"created":"Publicado el 18 noviembre, 2022","modified":"Actualizado el 31 marzo, 2023"},"absolute_dates_time":{"created":"Publicado el 18 noviembre, 2022 4:00 pm","modified":"Actualizado el 31 marzo, 2023 11:22 am"},"featured_img_caption":"","featured_img":false,"series_order":"","_links":{"self":[{"href":"https:\/\/tandemsd.com\/es\/wp-json\/wp\/v2\/pages\/2689","targetHints":{"allow":["GET"]}}],"collection":[{"href":"https:\/\/tandemsd.com\/es\/wp-json\/wp\/v2\/pages"}],"about":[{"href":"https:\/\/tandemsd.com\/es\/wp-json\/wp\/v2\/types\/page"}],"author":[{"embeddable":true,"href":"https:\/\/tandemsd.com\/es\/wp-json\/wp\/v2\/users\/3"}],"replies":[{"embeddable":true,"href":"https:\/\/tandemsd.com\/es\/wp-json\/wp\/v2\/comments?post=2689"}],"version-history":[{"count":12,"href":"https:\/\/tandemsd.com\/es\/wp-json\/wp\/v2\/pages\/2689\/revisions"}],"predecessor-version":[{"id":4266,"href":"https:\/\/tandemsd.com\/es\/wp-json\/wp\/v2\/pages\/2689\/revisions\/4266"}],"up":[{"embeddable":true,"href":"https:\/\/tandemsd.com\/es\/wp-json\/wp\/v2\/pages\/2258"}],"wp:attachment":[{"href":"https:\/\/tandemsd.com\/es\/wp-json\/wp\/v2\/media?parent=2689"}],"curies":[{"name":"wp","href":"https:\/\/api.w.org\/{rel}","templated":true}]}}