{"id":2695,"date":"2022-11-24T23:08:05","date_gmt":"2022-11-25T02:08:05","guid":{"rendered":"https:\/\/tandemsd.com\/solutions\/productivity-decisions\/"},"modified":"2022-12-06T23:45:24","modified_gmt":"2022-12-07T02:45:24","slug":"decisiones-productividad","status":"publish","type":"page","link":"https:\/\/tandemsd.com\/es\/soluciones\/decisiones-productividad\/","title":{"rendered":"Decisiones de Productividad"},"content":{"rendered":"\n<div class=\"wp-block-columns alignfull are-vertically-aligned-center is-not-stacked-on-mobile is-layout-flex wp-container-core-columns-is-layout-e93f1ee5 wp-block-columns-is-layout-flex\" id=\"box-title\" style=\"padding-top:var(--wp--preset--spacing--70)\">\n<div class=\"wp-block-column is-vertically-aligned-center col-blue col-solutions-title is-layout-flow wp-block-column-is-layout-flow\" style=\"flex-basis:60%\">\n<h2 class=\"h2-blue h2-blue-03 wp-block-heading\">Decisiones de <br>Productividad<\/h2>\n\n\n\n<p class=\"p-box has-ast-global-color-1-color has-text-color uag-hide-tab uag-hide-mob\" style=\"font-size:19px\">Impulsando decisiones operativas, generando productividad.&nbsp;<\/p>\n<\/div>\n\n\n\n<div class=\"wp-block-column is-vertically-aligned-center bg-solutions-productivity-decisions is-layout-flow wp-block-column-is-layout-flow\" style=\"flex-basis:40%\">\n<div style=\"height:360px\" aria-hidden=\"true\" class=\"wp-block-spacer anchor-box\"><\/div>\n<\/div>\n\n\n\n<div class=\"wp-block-column is-layout-flow wp-block-column-is-layout-flow\"><\/div>\n<\/div>\n\n\n\n<div class=\"wp-block-columns is-layout-flex wp-container-core-columns-is-layout-bd4eacd0 wp-block-columns-is-layout-flex\" id=\"read-more-box-01\" style=\"padding-right:var(--wp--preset--spacing--20);padding-left:var(--wp--preset--spacing--20)\">\n<div class=\"wp-block-column read-more is-layout-flow wp-block-column-is-layout-flow\" id=\"box-read-more\">\n<h3 class=\"uag-hide-desktop wp-block-heading\" style=\"margin-right:var(--wp--preset--spacing--60);margin-bottom:var(--wp--preset--spacing--40);margin-left:var(--wp--preset--spacing--60)\">Impulsando decisiones operativas, generando productividad.&nbsp;<\/h3>\n<\/div>\n<\/div>\n\n\n\n<div class=\"wp-block-columns information-box is-layout-flex wp-container-core-columns-is-layout-28f84493 wp-block-columns-is-layout-flex\" id=\"read-more-box-01\">\n<div class=\"wp-block-column bajada-box is-layout-flow wp-block-column-is-layout-flow\">\n<h3 class=\"has-ast-global-color-2-color has-text-color wp-block-heading\">Creemos que<strong> <\/strong>la <strong>excelencia operativa<\/strong> es el resultado y la consecuencia de decisiones a nivel micro, meso y macro.<\/h3>\n\n\n\n<h3 class=\"has-ast-global-color-2-color has-text-color wp-block-heading\"><strong>La eficiencia, la productividad, la asignaci\u00f3n de recursos y la excelencia operativa<\/strong> requieren de la coordinaci\u00f3n de decisiones clave, que permitir\u00e1n generar mayor rentabilidad y asegurar una mejor asignaci\u00f3n de los recursos para que den su m\u00e1ximo potencial.<\/h3>\n\n\n\n<h3 class=\"has-ast-global-color-2-color has-text-color wp-block-heading\">Nuestro enfoque se centra en las <strong>decisiones operativas que m\u00e1s importan combinando la informaci\u00f3n, el an\u00e1lisis y metodolog\u00edas sist\u00e9micas<\/strong> para mejorar la ejecuci\u00f3n y alcanzar resultados extraordinarios.<\/h3>\n\n\n\n<h3 class=\"has-ast-global-color-2-color has-text-color wp-block-heading\">Creemos que la excelencia operativa no solo es posible, sino que es <strong>necesaria para la sostenibilidad a largo plazo de las organizaciones<\/strong>.<\/h3>\n<\/div>\n<\/div>\n\n\n\n<div class=\"wp-block-columns information-box is-layout-flex wp-container-core-columns-is-layout-28f84493 wp-block-columns-is-layout-flex\" id=\"box-article\">\n<div class=\"wp-block-column is-layout-flow wp-block-column-is-layout-flow\">\n<h3 class=\"separator-title wp-block-heading\" style=\"font-size:24px\">\u00bfQuieres conocer m\u00e1s de nuestra pr\u00e1ctica de Decisiones de Productividad? <br>Te contamos algunas historias de \u00e9xito.<\/h3>\n\n\n\n\t\t\t<div class=\"wp-block-uagb-post-grid uagb-post-grid post-style uagb-post__image-position-top uagb-post__image-enabled uagb-block-996833b0     uagb-post__items uagb-post__columns-1 is-grid uagb-post__columns-tablet-2 uagb-post__columns-mobile-1 uagb-post__equal-height\" data-total=\"1\" style=\"\">\n\n\t\t\t\t\t\t\t\t\t\t\t\t<article class=\"uagb-post__inner-wrap\">\t\t\t\t\t\t\t\t<div class='uagb-post__image'>\n\t\t\t\t\t\t\t\t\t<a href=\"https:\/\/tandemsd.com\/es\/diseno-operacion-agil-acelerar-crecimiento\/\" target=\"_self\" rel=\"bookmark noopener noreferrer\" class='uagb-image-ratio-inherit'><img loading=\"lazy\" decoding=\"async\" width=\"1024\" height=\"512\" data-src=\"https:\/\/tandemsd.com\/wp-content\/uploads\/Diseno-de-una-operacion-agil-para-acelerar-el-crecimiento-1024x512.jpg\" class=\"attachment-large size-large lazyload\" alt=\"\" data-srcset=\"https:\/\/tandemsd.com\/wp-content\/uploads\/Diseno-de-una-operacion-agil-para-acelerar-el-crecimiento-1024x512.jpg 1024w, https:\/\/tandemsd.com\/wp-content\/uploads\/Diseno-de-una-operacion-agil-para-acelerar-el-crecimiento-300x150.jpg 300w, https:\/\/tandemsd.com\/wp-content\/uploads\/Diseno-de-una-operacion-agil-para-acelerar-el-crecimiento-768x384.jpg 768w, https:\/\/tandemsd.com\/wp-content\/uploads\/Diseno-de-una-operacion-agil-para-acelerar-el-crecimiento.jpg 1200w\" data-sizes=\"auto, (max-width: 1024px) 100vw, 1024px\" src=\"data:image\/gif;base64,R0lGODlhAQABAAAAACH5BAEKAAEALAAAAAABAAEAAAICTAEAOw==\" style=\"--smush-placeholder-width: 1024px; --smush-placeholder-aspect-ratio: 1024\/512;\" \/><noscript><img loading=\"lazy\" decoding=\"async\" width=\"1024\" height=\"512\" src=\"https:\/\/tandemsd.com\/wp-content\/uploads\/Diseno-de-una-operacion-agil-para-acelerar-el-crecimiento-1024x512.jpg\" class=\"attachment-large size-large\" alt=\"\" srcset=\"https:\/\/tandemsd.com\/wp-content\/uploads\/Diseno-de-una-operacion-agil-para-acelerar-el-crecimiento-1024x512.jpg 1024w, https:\/\/tandemsd.com\/wp-content\/uploads\/Diseno-de-una-operacion-agil-para-acelerar-el-crecimiento-300x150.jpg 300w, https:\/\/tandemsd.com\/wp-content\/uploads\/Diseno-de-una-operacion-agil-para-acelerar-el-crecimiento-768x384.jpg 768w, https:\/\/tandemsd.com\/wp-content\/uploads\/Diseno-de-una-operacion-agil-para-acelerar-el-crecimiento.jpg 1200w\" sizes=\"auto, (max-width: 1024px) 100vw, 1024px\" \/><\/noscript>\t\t\t\t\t<\/a>\n\t\t\t\t\t\t\t<\/div>\n\t\t\t\t\t\t<div class='uagb-post__text uagb-post-grid-byline'>\n\t\t\t\t\t\t\t<\/div>\n\t\t\t\t\t\t\t<div class='uagb-post__text uagb-post__excerpt'>\n\t\t\t\t\tUna compa\u00f1\u00eda de consumo masivo en Asia, nos convoc\u00f3 para mejorar su agilidad de operaci\u00f3n en un contexto en el que buscaba acelerar el crecimiento e incrementar su resultado operativo en los siguientes 5 a\u00f1os. Hasta ese momento ven\u00edan operando de procesos muy lentos, burocr\u00e1ticos y con muchas instancias de control, lo cual frenaba el crecimiento. Trabajamos en conjunto para identificar qu\u00e9 \u00e1reas y procesos ten\u00edan un mayor impacto en la agilidad de la operaci\u00f3n y cu\u00e1les ten\u00edan mayor oportunidad, y decidir juntos cu\u00e1les optimizar. \t\t\t\t<\/div>\n\t\t\t\t\t\t<div class=\"uagb-post__text uagb-post__cta wp-block-button\">\n\t\t\t\t<a class=\"wp-block-button__link uagb-text-link\" style=\"\" href=\"https:\/\/tandemsd.com\/es\/diseno-operacion-agil-acelerar-crecimiento\/\" target=\"_self\" rel=\"bookmark noopener noreferrer\">Leer m\u00e1s<\/a>\n\t\t\t<\/div>\n\t\t\t\n\t\t\t\t\t\t\t\t\t<\/article>\n\t\t\t\t\t\t\t\t\t\t\t\t\t\t\t\t<article class=\"uagb-post__inner-wrap\">\t\t\t\t\t\t\t\t<div class='uagb-post__image'>\n\t\t\t\t\t\t\t\t\t<a href=\"https:\/\/tandemsd.com\/es\/transformacion-modelo-operativo\/\" target=\"_self\" rel=\"bookmark noopener noreferrer\" class='uagb-image-ratio-inherit'><img loading=\"lazy\" decoding=\"async\" width=\"1024\" height=\"512\" data-src=\"https:\/\/tandemsd.com\/wp-content\/uploads\/Transformacion-del-modelo-operativo-1024x512.jpg\" class=\"attachment-large size-large lazyload\" alt=\"\" data-srcset=\"https:\/\/tandemsd.com\/wp-content\/uploads\/Transformacion-del-modelo-operativo-1024x512.jpg 1024w, https:\/\/tandemsd.com\/wp-content\/uploads\/Transformacion-del-modelo-operativo-300x150.jpg 300w, https:\/\/tandemsd.com\/wp-content\/uploads\/Transformacion-del-modelo-operativo-768x384.jpg 768w, https:\/\/tandemsd.com\/wp-content\/uploads\/Transformacion-del-modelo-operativo.jpg 1200w\" data-sizes=\"auto, (max-width: 1024px) 100vw, 1024px\" src=\"data:image\/gif;base64,R0lGODlhAQABAAAAACH5BAEKAAEALAAAAAABAAEAAAICTAEAOw==\" style=\"--smush-placeholder-width: 1024px; --smush-placeholder-aspect-ratio: 1024\/512;\" \/><noscript><img loading=\"lazy\" decoding=\"async\" width=\"1024\" height=\"512\" src=\"https:\/\/tandemsd.com\/wp-content\/uploads\/Transformacion-del-modelo-operativo-1024x512.jpg\" class=\"attachment-large size-large\" alt=\"\" srcset=\"https:\/\/tandemsd.com\/wp-content\/uploads\/Transformacion-del-modelo-operativo-1024x512.jpg 1024w, https:\/\/tandemsd.com\/wp-content\/uploads\/Transformacion-del-modelo-operativo-300x150.jpg 300w, https:\/\/tandemsd.com\/wp-content\/uploads\/Transformacion-del-modelo-operativo-768x384.jpg 768w, https:\/\/tandemsd.com\/wp-content\/uploads\/Transformacion-del-modelo-operativo.jpg 1200w\" sizes=\"auto, (max-width: 1024px) 100vw, 1024px\" \/><\/noscript>\t\t\t\t\t<\/a>\n\t\t\t\t\t\t\t<\/div>\n\t\t\t\t\t\t<div class='uagb-post__text uagb-post-grid-byline'>\n\t\t\t\t\t\t\t<\/div>\n\t\t\t\t\t\t\t<div class='uagb-post__text uagb-post__excerpt'>\n\t\t\t\t\tTrabajamos junto a una compa\u00f1\u00eda l\u00edder de consumo masivo en sus operaciones de M\u00e9xico y el Caribe para dise\u00f1ar el nuevo modelo de operaci\u00f3n con los distribuidores que permita integrar las plataformas digitales. El desaf\u00edo consist\u00eda en que este nuevo modelo siga siendo rentable para todas las partes de la cadena de valor y al mismo tiempo mejore el nivel de servicio para los clientes.  A trav\u00e9s de la construcci\u00f3n de un modelo econ\u00f3mico, pudimos identificar cu\u00e1les eran las decisiones clave a tomar y c\u00f3mo cada una de estas decisiones afectaba a las distintas partes, para elegir aquellas alternativas&#8230;\t\t\t\t<\/div>\n\t\t\t\t\t\t<div class=\"uagb-post__text uagb-post__cta wp-block-button\">\n\t\t\t\t<a class=\"wp-block-button__link uagb-text-link\" style=\"\" href=\"https:\/\/tandemsd.com\/es\/transformacion-modelo-operativo\/\" target=\"_self\" rel=\"bookmark noopener noreferrer\">Leer m\u00e1s<\/a>\n\t\t\t<\/div>\n\t\t\t\n\t\t\t\t\t\t\t\t\t<\/article>\n\t\t\t\t\t\t\t\t\t\t\t\t\t<div class=\"uagb-post-pagination-wrap\">\n\t\t\t\t\t\t\t\t\t\t\t<\/div>\n\t\t\t\t\t\t\t\t<\/div>\n\t\t\t<\/div>\n<\/div>\n","protected":false},"excerpt":{"rendered":"<p>Decisiones de Productividad Impulsando decisiones operativas, generando productividad.&nbsp; Impulsando decisiones operativas, generando productividad.&nbsp; Creemos que la excelencia operativa es el resultado y la consecuencia de decisiones a nivel micro, meso y macro. La eficiencia, la productividad, la asignaci\u00f3n de recursos y la excelencia operativa requieren de la coordinaci\u00f3n de decisiones clave, que permitir\u00e1n generar mayor [&hellip;]<\/p>\n","protected":false},"author":1,"featured_media":0,"parent":2258,"menu_order":0,"comment_status":"closed","ping_status":"closed","template":"","meta":{"_uag_custom_page_level_css":"","advgb_blocks_editor_width":"","advgb_blocks_columns_visual_guide":"","site-sidebar-layout":"default","site-content-layout":"","ast-site-content-layout":"","site-content-style":"default","site-sidebar-style":"default","ast-global-header-display":"","ast-banner-title-visibility":"","ast-main-header-display":"","ast-hfb-above-header-display":"","ast-hfb-below-header-display":"","ast-hfb-mobile-header-display":"","site-post-title":"","ast-breadcrumbs-content":"","ast-featured-img":"","footer-sml-layout":"","theme-transparent-header-meta":"","adv-header-id-meta":"","stick-header-meta":"","header-above-stick-meta":"","header-main-stick-meta":"","header-below-stick-meta":"","astra-migrate-meta-layouts":"default","ast-page-background-enabled":"default","ast-page-background-meta":{"desktop":{"background-color":"var(--ast-global-color-4)","background-image":"","background-repeat":"repeat","background-position":"center center","background-size":"auto","background-attachment":"scroll","background-type":"","background-media":"","overlay-type":"","overlay-color":"","overlay-opacity":"","overlay-gradient":""},"tablet":{"background-color":"","background-image":"","background-repeat":"repeat","background-position":"center center","background-size":"auto","background-attachment":"scroll","background-type":"","background-media":"","overlay-type":"","overlay-color":"","overlay-opacity":"","overlay-gradient":""},"mobile":{"background-color":"","background-image":"","background-repeat":"repeat","background-position":"center center","background-size":"auto","background-attachment":"scroll","background-type":"","background-media":"","overlay-type":"","overlay-color":"","overlay-opacity":"","overlay-gradient":""}},"ast-content-background-meta":{"desktop":{"background-color":"var(--ast-global-color-5)","background-image":"","background-repeat":"repeat","background-position":"center center","background-size":"auto","background-attachment":"scroll","background-type":"","background-media":"","overlay-type":"","overlay-color":"","overlay-opacity":"","overlay-gradient":""},"tablet":{"background-color":"var(--ast-global-color-5)","background-image":"","background-repeat":"repeat","background-position":"center center","background-size":"auto","background-attachment":"scroll","background-type":"","background-media":"","overlay-type":"","overlay-color":"","overlay-opacity":"","overlay-gradient":""},"mobile":{"background-color":"var(--ast-global-color-5)","background-image":"","background-repeat":"repeat","background-position":"center center","background-size":"auto","background-attachment":"scroll","background-type":"","background-media":"","overlay-type":"","overlay-color":"","overlay-opacity":"","overlay-gradient":""}},"footnotes":""},"class_list":["post-2695","page","type-page","status-publish","hentry"],"yoast_head":"<!-- This site is optimized with the Yoast SEO plugin v24.3 - https:\/\/yoast.com\/wordpress\/plugins\/seo\/ -->\n<title>Decisiones de Productividad - Tandem Boosting Decisions<\/title>\n<meta name=\"description\" content=\"Impulsando decisiones operativas, generando productividad. \u00bfQuer\u00e9s conocer m\u00e1s de nuestra pr\u00e1ctica? Te contamos algunas historias de \u00e9xito.\" \/>\n<meta name=\"robots\" content=\"index, follow, max-snippet:-1, max-image-preview:large, max-video-preview:-1\" \/>\n<link rel=\"canonical\" href=\"https:\/\/tandemsd.com\/es\/soluciones\/decisiones-productividad\/\" \/>\n<meta property=\"og:locale\" content=\"es_ES\" \/>\n<meta property=\"og:type\" content=\"article\" \/>\n<meta property=\"og:title\" content=\"Decisiones de Productividad - Tandem Boosting Decisions\" \/>\n<meta property=\"og:description\" content=\"Impulsando decisiones operativas, generando productividad. \u00bfQuer\u00e9s conocer m\u00e1s de nuestra pr\u00e1ctica? Te contamos algunas historias de \u00e9xito.\" \/>\n<meta property=\"og:url\" content=\"https:\/\/tandemsd.com\/es\/soluciones\/decisiones-productividad\/\" \/>\n<meta property=\"og:site_name\" content=\"Tandem Boosting Decisions\" \/>\n<meta property=\"article:modified_time\" content=\"2022-12-07T02:45:24+00:00\" \/>\n<meta property=\"og:image\" content=\"https:\/\/tandemsd.com\/wp-content\/uploads\/2022\/11\/Logo-Margen-de-seguridad-con-bajada-scaled.jpg\" \/>\n\t<meta property=\"og:image:width\" content=\"2560\" \/>\n\t<meta property=\"og:image:height\" content=\"1026\" \/>\n\t<meta property=\"og:image:type\" content=\"image\/jpeg\" \/>\n<meta name=\"twitter:card\" content=\"summary_large_image\" \/>\n<meta name=\"twitter:site\" content=\"@TandemSD\" \/>\n<meta name=\"twitter:label1\" content=\"Tiempo de lectura\" \/>\n\t<meta name=\"twitter:data1\" content=\"1 minuto\" \/>\n<script type=\"application\/ld+json\" class=\"yoast-schema-graph\">{\"@context\":\"https:\/\/schema.org\",\"@graph\":[{\"@type\":\"WebPage\",\"@id\":\"https:\/\/tandemsd.com\/es\/soluciones\/decisiones-productividad\/\",\"url\":\"https:\/\/tandemsd.com\/es\/soluciones\/decisiones-productividad\/\",\"name\":\"Decisiones de Productividad - Tandem Boosting Decisions\",\"isPartOf\":{\"@id\":\"https:\/\/tandemsd.com\/es\/#website\"},\"datePublished\":\"2022-11-25T02:08:05+00:00\",\"dateModified\":\"2022-12-07T02:45:24+00:00\",\"description\":\"Impulsando decisiones operativas, generando productividad. \u00bfQuer\u00e9s conocer m\u00e1s de nuestra pr\u00e1ctica? Te contamos algunas historias de \u00e9xito.\",\"breadcrumb\":{\"@id\":\"https:\/\/tandemsd.com\/es\/soluciones\/decisiones-productividad\/#breadcrumb\"},\"inLanguage\":\"es\",\"potentialAction\":[{\"@type\":\"ReadAction\",\"target\":[\"https:\/\/tandemsd.com\/es\/soluciones\/decisiones-productividad\/\"]}]},{\"@type\":\"BreadcrumbList\",\"@id\":\"https:\/\/tandemsd.com\/es\/soluciones\/decisiones-productividad\/#breadcrumb\",\"itemListElement\":[{\"@type\":\"ListItem\",\"position\":1,\"name\":\"Inicio\",\"item\":\"https:\/\/tandemsd.com\/es\/\"},{\"@type\":\"ListItem\",\"position\":2,\"name\":\"Soluciones\",\"item\":\"https:\/\/tandemsd.com\/es\/soluciones\/\"},{\"@type\":\"ListItem\",\"position\":3,\"name\":\"Decisiones de Productividad\"}]},{\"@type\":\"WebSite\",\"@id\":\"https:\/\/tandemsd.com\/es\/#website\",\"url\":\"https:\/\/tandemsd.com\/es\/\",\"name\":\"Tandem Boosting Decisions\",\"description\":\"Impacting on results\",\"publisher\":{\"@id\":\"https:\/\/tandemsd.com\/es\/#organization\"},\"potentialAction\":[{\"@type\":\"SearchAction\",\"target\":{\"@type\":\"EntryPoint\",\"urlTemplate\":\"https:\/\/tandemsd.com\/es\/?s={search_term_string}\"},\"query-input\":{\"@type\":\"PropertyValueSpecification\",\"valueRequired\":true,\"valueName\":\"search_term_string\"}}],\"inLanguage\":\"es\"},{\"@type\":\"Organization\",\"@id\":\"https:\/\/tandemsd.com\/es\/#organization\",\"name\":\"Tandem\",\"url\":\"https:\/\/tandemsd.com\/es\/\",\"logo\":{\"@type\":\"ImageObject\",\"inLanguage\":\"es\",\"@id\":\"https:\/\/tandemsd.com\/es\/#\/schema\/logo\/image\/\",\"url\":\"https:\/\/tandemsd.com\/wp-content\/uploads\/tandem.png\",\"contentUrl\":\"https:\/\/tandemsd.com\/wp-content\/uploads\/tandem.png\",\"width\":1190,\"height\":294,\"caption\":\"Tandem\"},\"image\":{\"@id\":\"https:\/\/tandemsd.com\/es\/#\/schema\/logo\/image\/\"},\"sameAs\":[\"https:\/\/x.com\/TandemSD\",\"https:\/\/www.linkedin.com\/company\/tandemsd\/\"]}]}<\/script>\n<!-- \/ Yoast SEO plugin. -->","yoast_head_json":{"title":"Decisiones de Productividad - Tandem Boosting Decisions","description":"Impulsando decisiones operativas, generando productividad. \u00bfQuer\u00e9s conocer m\u00e1s de nuestra pr\u00e1ctica? Te contamos algunas historias de \u00e9xito.","robots":{"index":"index","follow":"follow","max-snippet":"max-snippet:-1","max-image-preview":"max-image-preview:large","max-video-preview":"max-video-preview:-1"},"canonical":"https:\/\/tandemsd.com\/es\/soluciones\/decisiones-productividad\/","og_locale":"es_ES","og_type":"article","og_title":"Decisiones de Productividad - Tandem Boosting Decisions","og_description":"Impulsando decisiones operativas, generando productividad. \u00bfQuer\u00e9s conocer m\u00e1s de nuestra pr\u00e1ctica? Te contamos algunas historias de \u00e9xito.","og_url":"https:\/\/tandemsd.com\/es\/soluciones\/decisiones-productividad\/","og_site_name":"Tandem Boosting Decisions","article_modified_time":"2022-12-07T02:45:24+00:00","og_image":[{"width":2560,"height":1026,"url":"https:\/\/tandemsd.com\/wp-content\/uploads\/2022\/11\/Logo-Margen-de-seguridad-con-bajada-scaled.jpg","type":"image\/jpeg"}],"twitter_card":"summary_large_image","twitter_site":"@TandemSD","twitter_misc":{"Tiempo de lectura":"1 minuto"},"schema":{"@context":"https:\/\/schema.org","@graph":[{"@type":"WebPage","@id":"https:\/\/tandemsd.com\/es\/soluciones\/decisiones-productividad\/","url":"https:\/\/tandemsd.com\/es\/soluciones\/decisiones-productividad\/","name":"Decisiones de Productividad - Tandem Boosting Decisions","isPartOf":{"@id":"https:\/\/tandemsd.com\/es\/#website"},"datePublished":"2022-11-25T02:08:05+00:00","dateModified":"2022-12-07T02:45:24+00:00","description":"Impulsando decisiones operativas, generando productividad. \u00bfQuer\u00e9s conocer m\u00e1s de nuestra pr\u00e1ctica? Te contamos algunas historias de \u00e9xito.","breadcrumb":{"@id":"https:\/\/tandemsd.com\/es\/soluciones\/decisiones-productividad\/#breadcrumb"},"inLanguage":"es","potentialAction":[{"@type":"ReadAction","target":["https:\/\/tandemsd.com\/es\/soluciones\/decisiones-productividad\/"]}]},{"@type":"BreadcrumbList","@id":"https:\/\/tandemsd.com\/es\/soluciones\/decisiones-productividad\/#breadcrumb","itemListElement":[{"@type":"ListItem","position":1,"name":"Inicio","item":"https:\/\/tandemsd.com\/es\/"},{"@type":"ListItem","position":2,"name":"Soluciones","item":"https:\/\/tandemsd.com\/es\/soluciones\/"},{"@type":"ListItem","position":3,"name":"Decisiones de Productividad"}]},{"@type":"WebSite","@id":"https:\/\/tandemsd.com\/es\/#website","url":"https:\/\/tandemsd.com\/es\/","name":"Tandem Boosting Decisions","description":"Impacting on results","publisher":{"@id":"https:\/\/tandemsd.com\/es\/#organization"},"potentialAction":[{"@type":"SearchAction","target":{"@type":"EntryPoint","urlTemplate":"https:\/\/tandemsd.com\/es\/?s={search_term_string}"},"query-input":{"@type":"PropertyValueSpecification","valueRequired":true,"valueName":"search_term_string"}}],"inLanguage":"es"},{"@type":"Organization","@id":"https:\/\/tandemsd.com\/es\/#organization","name":"Tandem","url":"https:\/\/tandemsd.com\/es\/","logo":{"@type":"ImageObject","inLanguage":"es","@id":"https:\/\/tandemsd.com\/es\/#\/schema\/logo\/image\/","url":"https:\/\/tandemsd.com\/wp-content\/uploads\/tandem.png","contentUrl":"https:\/\/tandemsd.com\/wp-content\/uploads\/tandem.png","width":1190,"height":294,"caption":"Tandem"},"image":{"@id":"https:\/\/tandemsd.com\/es\/#\/schema\/logo\/image\/"},"sameAs":["https:\/\/x.com\/TandemSD","https:\/\/www.linkedin.com\/company\/tandemsd\/"]}]}},"uagb_featured_image_src":{"full":false,"thumbnail":false,"medium":false,"medium_large":false,"large":false,"1536x1536":false,"2048x2048":false,"mailpoet_newsletter_max":false},"uagb_author_info":{"display_name":"adminflux","author_link":"https:\/\/tandemsd.com\/es\/author\/adminflux\/"},"uagb_comment_info":0,"uagb_excerpt":"Decisiones de Productividad Impulsando decisiones operativas, generando productividad.&nbsp; Impulsando decisiones operativas, generando productividad.&nbsp; Creemos que la excelencia operativa es el resultado y la consecuencia de decisiones a nivel micro, meso y macro. La eficiencia, la productividad, la asignaci\u00f3n de recursos y la excelencia operativa requieren de la coordinaci\u00f3n de decisiones clave, que permitir\u00e1n generar mayor&hellip;","coauthors":[],"author_meta":{"author_link":"https:\/\/tandemsd.com\/es\/author\/adminflux\/","display_name":"adminflux"},"relative_dates":{"created":"Publicado 3 a\u00f1os hace","modified":"Actualizado 3 a\u00f1os hace"},"absolute_dates":{"created":"Publicado el 24 noviembre, 2022","modified":"Actualizado el 6 diciembre, 2022"},"absolute_dates_time":{"created":"Publicado el 24 noviembre, 2022 11:08 pm","modified":"Actualizado el 6 diciembre, 2022 11:45 pm"},"featured_img_caption":"","featured_img":false,"series_order":"","_links":{"self":[{"href":"https:\/\/tandemsd.com\/es\/wp-json\/wp\/v2\/pages\/2695","targetHints":{"allow":["GET"]}}],"collection":[{"href":"https:\/\/tandemsd.com\/es\/wp-json\/wp\/v2\/pages"}],"about":[{"href":"https:\/\/tandemsd.com\/es\/wp-json\/wp\/v2\/types\/page"}],"author":[{"embeddable":true,"href":"https:\/\/tandemsd.com\/es\/wp-json\/wp\/v2\/users\/1"}],"replies":[{"embeddable":true,"href":"https:\/\/tandemsd.com\/es\/wp-json\/wp\/v2\/comments?post=2695"}],"version-history":[{"count":7,"href":"https:\/\/tandemsd.com\/es\/wp-json\/wp\/v2\/pages\/2695\/revisions"}],"predecessor-version":[{"id":3229,"href":"https:\/\/tandemsd.com\/es\/wp-json\/wp\/v2\/pages\/2695\/revisions\/3229"}],"up":[{"embeddable":true,"href":"https:\/\/tandemsd.com\/es\/wp-json\/wp\/v2\/pages\/2258"}],"wp:attachment":[{"href":"https:\/\/tandemsd.com\/es\/wp-json\/wp\/v2\/media?parent=2695"}],"curies":[{"name":"wp","href":"https:\/\/api.w.org\/{rel}","templated":true}]}}